{"id":779,"date":"2017-12-14T17:22:26","date_gmt":"2017-12-14T20:22:26","guid":{"rendered":"http:\/\/www.policiacivil.ma.gov.br\/labld\/?page_id=779"},"modified":"2017-12-14T17:46:47","modified_gmt":"2017-12-14T20:46:47","slug":"lista-de-siglas","status":"publish","type":"page","link":"https:\/\/www.policiacivil.ma.gov.br\/labld\/lista-de-siglas\/","title":{"rendered":"Lista de Siglas"},"content":{"rendered":"<table style=\"height: 2640px;\" width=\"1032\">\n<tbody>\n<tr>\n<td width=\"120\"><strong>AISP<\/strong><\/td>\n<td width=\"589\">Ag\u00eancia de Intelig\u00eancia de Seguran\u00e7a P\u00fablica<\/td>\n<\/tr>\n<tr>\n<td width=\"120\"><strong>ABIN<\/strong><\/td>\n<td width=\"589\">Ag\u00eancia Brasileira de Intelig\u00eancia<\/td>\n<\/tr>\n<tr>\n<td width=\"120\"><strong>ANFAC<\/strong><\/td>\n<td width=\"589\">Associa\u00e7\u00e3o Nacional de Fomento Comercial (<em>factoring<\/em>)<\/td>\n<\/tr>\n<tr>\n<td width=\"120\"><strong>BCB<\/strong><\/td>\n<td width=\"589\">Banco Central do Brasil<\/td>\n<\/tr>\n<tr>\n<td width=\"120\"><strong><em>BI<\/em><\/strong><\/td>\n<td width=\"589\"><em>Business Intelligence<\/em><\/td>\n<\/tr>\n<tr>\n<td width=\"120\"><strong>BNDES<\/strong><\/td>\n<td width=\"589\">Banco Nacional de Desenvolvimento Econ\u00f4mico e Social<\/td>\n<\/tr>\n<tr>\n<td width=\"120\"><strong>CAGED<\/strong><\/td>\n<td width=\"589\">Cadastro Geral de Empregados e Desempregados<\/td>\n<\/tr>\n<tr>\n<td width=\"120\"><strong>CCS<\/strong><\/td>\n<td width=\"589\">Cadastro de Clientes do Sistema Financeiro Nacional<\/td>\n<\/tr>\n<tr>\n<td width=\"120\"><strong>CIPC<\/strong><\/td>\n<td width=\"589\">Centro de Intelig\u00eancia da Pol\u00edcia Civil (PCMA)<\/td>\n<\/tr>\n<tr>\n<td width=\"120\"><strong>CISP<\/strong><\/td>\n<td width=\"589\">Centro de Intelig\u00eancia da Secretaria de Seguran\u00e7a P\u00fablica (SSP\/MA)<\/td>\n<\/tr>\n<tr>\n<td width=\"120\"><strong>CNIS<\/strong><\/td>\n<td width=\"589\">Cadastro Nacional de Informa\u00e7\u00f5es Sociais<\/td>\n<\/tr>\n<tr>\n<td width=\"120\"><strong>COAF<\/strong><\/td>\n<td width=\"589\">Conselho de Controle de Atividades Financeiras<\/td>\n<\/tr>\n<tr>\n<td width=\"120\"><strong>CONACI<\/strong><\/td>\n<td width=\"589\">Conselho Nacional de Controle Interno<\/td>\n<\/tr>\n<tr>\n<td width=\"120\"><strong>CONCPC<\/strong><\/td>\n<td width=\"589\">Conselho Nacional dos Chefes de Pol\u00edcia Civil<\/td>\n<\/tr>\n<tr>\n<td width=\"120\"><strong>COPOM<\/strong><\/td>\n<td width=\"589\">Comit\u00ea de Pol\u00edtica Monet\u00e1ria<\/td>\n<\/tr>\n<tr>\n<td width=\"120\"><strong>CVM<\/strong><\/td>\n<td width=\"589\">Comiss\u00e3o de Valores Mobili\u00e1rios<\/td>\n<\/tr>\n<tr>\n<td width=\"120\"><strong>DG<\/strong><\/td>\n<td width=\"589\">Delegacia Geral<\/td>\n<\/tr>\n<tr>\n<td width=\"120\"><strong>DW<\/strong><\/td>\n<td width=\"589\"><em>Data Warehouse <\/em><\/td>\n<\/tr>\n<tr>\n<td width=\"120\"><strong>DNISP<\/strong><\/td>\n<td width=\"589\">Doutrina Nacional de Intelig\u00eancia de Seguran\u00e7a P\u00fablica<\/td>\n<\/tr>\n<tr>\n<td width=\"120\"><strong>DOTE<\/strong><\/td>\n<td width=\"589\">Departamento de Opera\u00e7\u00f5es T\u00e1ticas Especiais (PCMA)<\/td>\n<\/tr>\n<tr>\n<td width=\"120\"><strong>ECF<\/strong><\/td>\n<td width=\"589\">Escritura\u00e7\u00e3o Cont\u00e1bil-Fiscal<\/td>\n<\/tr>\n<tr>\n<td width=\"120\"><strong>ENCCLA <\/strong><\/td>\n<td width=\"589\">Estrat\u00e9gia Nacional de Combate \u00e0 Corrup\u00e7\u00e3o e \u00e0 Lavagem de Dinheiro<\/td>\n<\/tr>\n<tr>\n<td width=\"120\"><strong>ETL<\/strong><\/td>\n<td width=\"589\"><em>Extract transform load<\/em><\/td>\n<\/tr>\n<tr>\n<td width=\"120\"><strong>FEBRABAN<\/strong><\/td>\n<td width=\"589\">Federa\u00e7\u00e3o Brasileira de Bancos<\/td>\n<\/tr>\n<tr>\n<td width=\"120\"><strong>GAFI\/FATF<\/strong><\/td>\n<td width=\"589\">Grupo de A\u00e7\u00e3o Financeira contra a Lavagem de Dinheiro e o Financiamento do Terrorismo \/ \u00a0Financial Action Task Force<\/td>\n<\/tr>\n<tr>\n<td width=\"120\"><strong>GGI<\/strong><\/td>\n<td width=\"589\">Gabinete de Gest\u00e3o Integrada (MA)<\/td>\n<\/tr>\n<tr>\n<td width=\"120\"><strong>JUCEMA<\/strong><\/td>\n<td width=\"589\">Junta Comercial do Estado do Maranh\u00e3o<\/td>\n<\/tr>\n<tr>\n<td width=\"120\"><strong>LAB-LD<\/strong><\/td>\n<td width=\"589\">Laborat\u00f3rio de Tecnologia Contra a Lavagem de Dinheiro<\/td>\n<\/tr>\n<tr>\n<td width=\"120\"><strong>MD<\/strong><\/td>\n<td width=\"589\">Minist\u00e9rio da Defesa<\/td>\n<\/tr>\n<tr>\n<td width=\"120\"><strong>MJSP<\/strong><\/td>\n<td width=\"589\">Minist\u00e9rio da Justi\u00e7a e Seguran\u00e7a P\u00fablica<\/td>\n<\/tr>\n<tr>\n<td width=\"120\"><strong>MTE <\/strong><\/td>\n<td width=\"589\">Minist\u00e9rio do Trabalho e Emprego<\/td>\n<\/tr>\n<tr>\n<td width=\"120\"><strong>MPE<\/strong><\/td>\n<td width=\"589\">Minist\u00e9rio P\u00fablico Estadual<\/td>\n<\/tr>\n<tr>\n<td width=\"120\"><strong>MPF<\/strong><\/td>\n<td width=\"589\">Minist\u00e9rio P\u00fablico Federal<\/td>\n<\/tr>\n<tr>\n<td width=\"120\"><strong>OLAP<\/strong><\/td>\n<td width=\"589\"><em>Online Analytical Processing<\/em><\/td>\n<\/tr>\n<tr>\n<td width=\"120\"><strong>PCMA<\/strong><\/td>\n<td width=\"589\">Pol\u00edcia Civil do Estado do Maranh\u00e3o<\/td>\n<\/tr>\n<tr>\n<td width=\"120\"><strong>PEP<\/strong><\/td>\n<td width=\"589\">Pessoa Politicamente Exposta<\/td>\n<\/tr>\n<tr>\n<td width=\"120\"><strong>PGFN<\/strong><\/td>\n<td width=\"589\">Procuradoria Geral da Fazenda Nacional<\/td>\n<\/tr>\n<tr>\n<td width=\"120\"><strong>PDLD<\/strong><\/td>\n<td width=\"589\">Plano de Difus\u00e3o das Atribui\u00e7\u00f5es do LAB-LD (PCMA)<\/td>\n<\/tr>\n<tr>\n<td width=\"120\"><strong>PNLD<\/strong><\/td>\n<td width=\"589\">Programa Nacional de Capacita\u00e7\u00e3o e Treinamento para o Combate \u00e0 Corrup\u00e7\u00e3o e \u00e0 Lavagem de Dinheiro<\/td>\n<\/tr>\n<tr>\n<td width=\"120\"><strong>PREVIC<\/strong><\/td>\n<td width=\"589\">Superintend\u00eancia Nacional de Previd\u00eancia Complementar<\/td>\n<\/tr>\n<tr>\n<td width=\"120\"><strong>RELINT<\/strong><\/td>\n<td width=\"589\">Relat\u00f3rio de Intelig\u00eancia<\/td>\n<\/tr>\n<tr>\n<td width=\"120\"><strong>RFB<\/strong><\/td>\n<td width=\"589\">Receita Federal do Brasil<\/td>\n<\/tr>\n<tr>\n<td width=\"120\"><strong>RIF<\/strong><\/td>\n<td width=\"589\">Relat\u00f3rio de Intelig\u00eancia Financeira<\/td>\n<\/tr>\n<tr>\n<td width=\"120\"><strong>RT<\/strong><\/td>\n<td width=\"589\">Relat\u00f3rio T\u00e9cnico<\/td>\n<\/tr>\n<tr>\n<td width=\"120\"><strong>SECCOR<\/strong><\/td>\n<td width=\"589\">Superintend\u00eancia de Combate \u00e0 Corrup\u00e7\u00e3o (PCMA)<\/td>\n<\/tr>\n<tr>\n<td width=\"120\"><strong>SEIC<\/strong><\/td>\n<td width=\"589\">Superintend\u00eancia Estadual de Investiga\u00e7\u00f5es Criminais (PCMA)<\/td>\n<\/tr>\n<tr>\n<td width=\"120\"><strong>SENASP<\/strong><\/td>\n<td width=\"589\">Secretaria Nacional de Seguran\u00e7a P\u00fablica<\/td>\n<\/tr>\n<tr>\n<td width=\"120\"><strong>SHPP<\/strong><\/td>\n<td width=\"589\">Superintend\u00eancia de Homic\u00eddios e Prote\u00e7\u00e3o \u00e0 Pessoa (PCMA)<\/td>\n<\/tr>\n<tr>\n<td width=\"120\"><strong>SEATI<\/strong><\/td>\n<td width=\"589\">Secretaria Adjunta de Tecnologia da Informa\u00e7\u00e3o (SEGOV\/MA)<\/td>\n<\/tr>\n<tr>\n<td width=\"120\"><strong>SENARC<\/strong><\/td>\n<td width=\"589\">Superintend\u00eancia de Combate ao Narcotr\u00e1fico (PCMA)<\/td>\n<\/tr>\n<tr>\n<td width=\"120\"><strong>SIEL<\/strong><\/td>\n<td width=\"589\">Sistema de Informa\u00e7\u00f5es Eleitorais (TSE)<\/td>\n<\/tr>\n<tr>\n<td width=\"120\"><strong>SPCC<\/strong><\/td>\n<td width=\"589\">Superintend\u00eancia de Pol\u00edcia Civil da Capital (PCMA)<\/td>\n<\/tr>\n<tr>\n<td width=\"120\"><strong>SPCI<\/strong><\/td>\n<td width=\"589\">Superintend\u00eancia de Pol\u00edcia Civil do Interior (PCMA)<\/td>\n<\/tr>\n<tr>\n<td width=\"120\"><strong>SPTC<\/strong><\/td>\n<td width=\"589\">Superintend\u00eancia de Pol\u00edcia T\u00e9cnico-Cient\u00edfica (PCMA)<\/td>\n<\/tr>\n<tr>\n<td width=\"120\"><strong>SFN<\/strong><\/td>\n<td width=\"589\">Sistema Financeiro Nacional<\/td>\n<\/tr>\n<tr>\n<td width=\"120\"><strong>SIC<\/strong><\/td>\n<td width=\"589\">Servi\u00e7o de Informa\u00e7\u00e3o ao Cidad\u00e3o<\/td>\n<\/tr>\n<tr>\n<td width=\"120\"><strong>SIGO<\/strong><\/td>\n<td width=\"589\">Sistema Integrado de Gest\u00e3o Operacional (SSP\/MA)<\/td>\n<\/tr>\n<tr>\n<td width=\"120\"><strong>SIISP<\/strong><\/td>\n<td width=\"589\">Sistema de Intelig\u00eancia, Informa\u00e7\u00e3o e Seguran\u00e7a Prisional (SEAP\/MA)<\/td>\n<\/tr>\n<tr>\n<td width=\"120\"><strong>SIMBA<\/strong><\/td>\n<td width=\"589\">Sistema de Investiga\u00e7\u00e3o de Movimenta\u00e7\u00f5es Banc\u00e1rias<\/td>\n<\/tr>\n<tr>\n<td width=\"120\"><strong>SISGESTOR<\/strong><\/td>\n<td width=\"589\">Sistema Gestor de Casos do LAB-LD<\/td>\n<\/tr>\n<tr>\n<td width=\"120\"><strong>SITTEL<\/strong><\/td>\n<td width=\"589\">Sistema de Investiga\u00e7\u00e3o Telef\u00f4nica e Telem\u00e1tica<\/td>\n<\/tr>\n<tr>\n<td width=\"120\"><strong>SSP<\/strong><\/td>\n<td width=\"589\">Secretaria de Seguran\u00e7a P\u00fablica<\/td>\n<\/tr>\n<tr>\n<td width=\"120\"><strong>SUINF<\/strong><\/td>\n<td width=\"589\">Supervis\u00e3o de Inform\u00e1tica (SSP\/MA)<\/td>\n<\/tr>\n<tr>\n<td width=\"120\"><strong>TI<\/strong><\/td>\n<td width=\"589\">Tecnologia da Informa\u00e7\u00e3o<\/td>\n<\/tr>\n<\/tbody>\n<\/table>\n","protected":false},"excerpt":{"rendered":"<p>AISP Ag\u00eancia de Intelig\u00eancia de Seguran\u00e7a P\u00fablica ABIN Ag\u00eancia Brasileira de Intelig\u00eancia ANFAC Associa\u00e7\u00e3o Nacional de Fomento Comercial (factoring) BCB Banco Central do Brasil BI Business Intelligence BNDES Banco Nacional de Desenvolvimento Econ\u00f4mico e Social CAGED Cadastro Geral de Empregados e Desempregados CCS Cadastro de Clientes do Sistema Financeiro Nacional CIPC Centro de Intelig\u00eancia da [&hellip;]<\/p>\n","protected":false},"author":3,"featured_media":0,"parent":0,"menu_order":0,"comment_status":"closed","ping_status":"closed","template":"","meta":{"jetpack_post_was_ever_published":false,"footnotes":""},"yst_prominent_words":[523,95,124,537,521,515,60,533,59,527,525,517,33,531,535,519,529,177,175,488],"jetpack_sharing_enabled":true,"jetpack_shortlink":"https:\/\/wp.me\/P8TCZr-cz","_links":{"self":[{"href":"https:\/\/www.policiacivil.ma.gov.br\/labld\/wp-json\/wp\/v2\/pages\/779"}],"collection":[{"href":"https:\/\/www.policiacivil.ma.gov.br\/labld\/wp-json\/wp\/v2\/pages"}],"about":[{"href":"https:\/\/www.policiacivil.ma.gov.br\/labld\/wp-json\/wp\/v2\/types\/page"}],"author":[{"embeddable":true,"href":"https:\/\/www.policiacivil.ma.gov.br\/labld\/wp-json\/wp\/v2\/users\/3"}],"replies":[{"embeddable":true,"href":"https:\/\/www.policiacivil.ma.gov.br\/labld\/wp-json\/wp\/v2\/comments?post=779"}],"version-history":[{"count":4,"href":"https:\/\/www.policiacivil.ma.gov.br\/labld\/wp-json\/wp\/v2\/pages\/779\/revisions"}],"predecessor-version":[{"id":790,"href":"https:\/\/www.policiacivil.ma.gov.br\/labld\/wp-json\/wp\/v2\/pages\/779\/revisions\/790"}],"wp:attachment":[{"href":"https:\/\/www.policiacivil.ma.gov.br\/labld\/wp-json\/wp\/v2\/media?parent=779"}],"wp:term":[{"taxonomy":"yst_prominent_words","embeddable":true,"href":"https:\/\/www.policiacivil.ma.gov.br\/labld\/wp-json\/wp\/v2\/yst_prominent_words?post=779"}],"curies":[{"name":"wp","href":"https:\/\/api.w.org\/{rel}","templated":true}]}}