{"id":748,"date":"2017-12-05T09:46:20","date_gmt":"2017-12-05T12:46:20","guid":{"rendered":"http:\/\/www.policiacivil.ma.gov.br\/labld\/?page_id=748"},"modified":"2018-01-15T09:47:10","modified_gmt":"2018-01-15T12:47:10","slug":"business-inteligence-bi","status":"publish","type":"page","link":"https:\/\/www.policiacivil.ma.gov.br\/labld\/business-inteligence-bi\/","title":{"rendered":"Business Inteligence (BI)"},"content":{"rendered":"<p style=\"text-align: justify;\">O BI \u00e9 um conceito de ferramenta desenvolvida pelos pr\u00f3prios analistas do LAB-LD\/PCMA que permite o acesso de forma din\u00e2mica e integrada \u00e0s principais bases de dados dispon\u00edveis ao LAB-LD\/PCMA, tornando poss\u00edvel a realiza\u00e7\u00e3o de consultas de uma forma integrada, confi\u00e1vel e no menor tempo poss\u00edvel.<\/p>\n<p style=\"text-align: justify;\">Entre as bases dispon\u00edveis para integra\u00e7\u00e3o destacam-se:<\/p>\n<ul>\n<li>Disque Den\u00fancia;<\/li>\n<li>SIGO;<\/li>\n<li>Boletim ONLINE;<\/li>\n<li>SIISP;<\/li>\n<li>AFIS;<\/li>\n<li>SIMBA.<\/li>\n<\/ul>\n<p><a href=\"http:\/\/www.policiacivil.ma.gov.br\/labld\/wp-content\/uploads\/2017\/12\/img1.png\"><img loading=\"lazy\" decoding=\"async\" class=\"wp-image-749 aligncenter\" src=\"http:\/\/www.policiacivil.ma.gov.br\/labld\/wp-content\/uploads\/2017\/12\/img1.png\" alt=\"\" width=\"823\" height=\"508\" srcset=\"https:\/\/www.policiacivil.ma.gov.br\/labld\/wp-content\/uploads\/2017\/12\/img1.png 1309w, https:\/\/www.policiacivil.ma.gov.br\/labld\/wp-content\/uploads\/2017\/12\/img1-300x185.png 300w, https:\/\/www.policiacivil.ma.gov.br\/labld\/wp-content\/uploads\/2017\/12\/img1-768x474.png 768w, https:\/\/www.policiacivil.ma.gov.br\/labld\/wp-content\/uploads\/2017\/12\/img1-1024x632.png 1024w\" sizes=\"(max-width: 823px) 100vw, 823px\" \/><\/a><\/p>\n<p style=\"text-align: justify;\">A integra\u00e7\u00e3o das bases dispon\u00edveis \u00e9 iniciada a partir de um processo de ETL (Extra\u00e7\u00e3o, Tratamento e Carga) dos dados, transformando-os em um padr\u00e3o (por processos de limpeza, tratamento e classifica\u00e7\u00e3o) e carregando-os, em seguida, em um data warehouse (DW).<\/p>\n<p style=\"text-align: justify;\">Uma vez tratados e armazenados em uma \u00fanica base, torna-se poss\u00edvel a utiliza\u00e7\u00e3o de ferramentas de an\u00e1lise (OLAP) capazes de gerar conclus\u00f5es anal\u00edticas sobre os dados armazenados.<\/p>\n<p style=\"text-align: center;\"><a href=\"http:\/\/www.policiacivil.ma.gov.br\/labld\/wp-content\/uploads\/2017\/12\/img2.png\"><img loading=\"lazy\" decoding=\"async\" class=\"alignnone wp-image-750\" src=\"http:\/\/www.policiacivil.ma.gov.br\/labld\/wp-content\/uploads\/2017\/12\/img2.png\" alt=\"\" width=\"532\" height=\"252\" srcset=\"https:\/\/www.policiacivil.ma.gov.br\/labld\/wp-content\/uploads\/2017\/12\/img2.png 852w, https:\/\/www.policiacivil.ma.gov.br\/labld\/wp-content\/uploads\/2017\/12\/img2-300x142.png 300w, https:\/\/www.policiacivil.ma.gov.br\/labld\/wp-content\/uploads\/2017\/12\/img2-768x364.png 768w\" sizes=\"(max-width: 532px) 100vw, 532px\" \/><\/a><\/p>\n<p style=\"text-align: justify;\">O resultado \u00e9 a possibilidade de realiza\u00e7\u00e3o de mapeamentos criminais; identifica\u00e7\u00e3o autom\u00e1tica de indiv\u00edduos com mandados de pris\u00e3o em aberto; vincula\u00e7\u00e3o de investigados a outros crimes, diversos da investiga\u00e7\u00e3o principal; cria\u00e7\u00e3o de modelos estat\u00edsticos e georreferenciais sobre a criminalidade no Maranh\u00e3o e agilidade na confec\u00e7\u00e3o de dossi\u00eas integrados de investigados.<\/p>\n","protected":false},"excerpt":{"rendered":"<p>O BI \u00e9 um conceito de ferramenta desenvolvida pelos pr\u00f3prios analistas do LAB-LD\/PCMA que permite o acesso de forma din\u00e2mica e integrada \u00e0s principais bases de dados dispon\u00edveis ao LAB-LD\/PCMA, tornando poss\u00edvel a realiza\u00e7\u00e3o de consultas de uma forma integrada, confi\u00e1vel e no menor tempo poss\u00edvel. Entre as bases dispon\u00edveis para integra\u00e7\u00e3o destacam-se: Disque Den\u00fancia; [&hellip;]<\/p>\n","protected":false},"author":3,"featured_media":0,"parent":0,"menu_order":0,"comment_status":"closed","ping_status":"closed","template":"","meta":{"jetpack_post_was_ever_published":false,"footnotes":""},"yst_prominent_words":[553,541,539,322,543,549,545,555,63,547,551],"jetpack_sharing_enabled":true,"jetpack_shortlink":"https:\/\/wp.me\/P8TCZr-c4","_links":{"self":[{"href":"https:\/\/www.policiacivil.ma.gov.br\/labld\/wp-json\/wp\/v2\/pages\/748"}],"collection":[{"href":"https:\/\/www.policiacivil.ma.gov.br\/labld\/wp-json\/wp\/v2\/pages"}],"about":[{"href":"https:\/\/www.policiacivil.ma.gov.br\/labld\/wp-json\/wp\/v2\/types\/page"}],"author":[{"embeddable":true,"href":"https:\/\/www.policiacivil.ma.gov.br\/labld\/wp-json\/wp\/v2\/users\/3"}],"replies":[{"embeddable":true,"href":"https:\/\/www.policiacivil.ma.gov.br\/labld\/wp-json\/wp\/v2\/comments?post=748"}],"version-history":[{"count":3,"href":"https:\/\/www.policiacivil.ma.gov.br\/labld\/wp-json\/wp\/v2\/pages\/748\/revisions"}],"predecessor-version":[{"id":800,"href":"https:\/\/www.policiacivil.ma.gov.br\/labld\/wp-json\/wp\/v2\/pages\/748\/revisions\/800"}],"wp:attachment":[{"href":"https:\/\/www.policiacivil.ma.gov.br\/labld\/wp-json\/wp\/v2\/media?parent=748"}],"wp:term":[{"taxonomy":"yst_prominent_words","embeddable":true,"href":"https:\/\/www.policiacivil.ma.gov.br\/labld\/wp-json\/wp\/v2\/yst_prominent_words?post=748"}],"curies":[{"name":"wp","href":"https:\/\/api.w.org\/{rel}","templated":true}]}}