{"id":639,"date":"2017-08-22T14:36:00","date_gmt":"2017-08-22T17:36:00","guid":{"rendered":"http:\/\/www.policiacivil.ma.gov.br\/labld\/?page_id=639"},"modified":"2019-06-07T16:17:01","modified_gmt":"2019-06-07T19:17:01","slug":"rif-do-coaf","status":"publish","type":"page","link":"https:\/\/www.policiacivil.ma.gov.br\/labld\/rif-do-coaf\/","title":{"rendered":"RIF do COAF"},"content":{"rendered":"<p><strong>Intelig\u00eancia financeira:<\/strong><\/p>\n<p>O\u00a0<strong><a href=\"http:\/\/www.fazenda.gov.br\/orgaos\/coaf\">Conselho de Controle de Atividades Financeiras &#8211; Coaf<\/a><\/strong>\u00a0\u00e9 a Unidade de Intelig\u00eancia Financeira (UIF) do Brasil e recebe, examina e identifica ocorr\u00eancias suspeitas de atividade il\u00edcita e comunica \u00e0s autoridades competentes para instaura\u00e7\u00e3o de procedimentos.\u00a0<\/p>\n<p>&#8220;Pessoas obrigadas\u201d s\u00e3o aquelas para as quais existe uma obriga\u00e7\u00e3o legal\u00a0para a preven\u00e7\u00e3o e combate ao crime de lavagem de dinheiro e financiamento ao terrorismo.<\/p>\n<p>\u00a0<\/p>\n<p><strong>Recebimento e an\u00e1lises de comunica\u00e7\u00f5es:<\/strong><\/p>\n<p>As comunica\u00e7\u00f5es encaminhadas pelos\u00a0<strong><a href=\"https:\/\/www.fazenda.gov.br\/assuntos\/regulacao-e-supervisao\/supervisao-prevencao-lavagem-de-dinheiro#setores-obrigados\">setores obrigados<\/a><\/strong>\u00a0s\u00e3o recebidas pelo SisCoaf \u2013 que, programado com regras de intelig\u00eancia previamente definidas, efetua an\u00e1lise sist\u00eamica e distribui as comunica\u00e7\u00f5es que dever\u00e3o ser tratadas individualmente pelos analistas.<\/p>\n<p>As comunica\u00e7\u00f5es e an\u00e1lises s\u00e3o armazenadas no SisCoaf, o que possibilita a constru\u00e7\u00e3o de uma base de dados utilizada como subs\u00eddios para a realiza\u00e7\u00e3o das an\u00e1lises subsequentes.\u00a0Al\u00e9m da base de dados do SisCoaf, s\u00e3o utilizadas outras bases de dados. A maior parte delas j\u00e1 est\u00e1 integrada ao Sistema.\u00a0\u00a0<\/p>\n<p>O conte\u00fado das comunica\u00e7\u00f5es \u00e9 avaliado e relacionado com outras informa\u00e7\u00f5es dispon\u00edveis. Quando detectados sinais de alerta, \u00e9 calculado o risco inerente \u00e0 comunica\u00e7\u00e3o. Esse c\u00e1lculo \u00e9 efetuado de forma automatizada, pela Central de Gerenciamento de Riscos e Prioridades \u2013 CGRP.<\/p>\n<p>De acordo com o risco apurado na CGRP, s\u00e3o abertas pastas virtuais, chamadas \u201ccaso\u201d, para aprofundamento da an\u00e1lise. Al\u00e9m do c\u00e1lculo do risco das comunica\u00e7\u00f5es, a CGRP efetua o gerenciamento e a hierarquiza\u00e7\u00e3o dos casos abertos, permitindo a prioriza\u00e7\u00e3o daqueles com risco mais alto.<\/p>\n<p>O resultado das an\u00e1lises \u00e9 registrado em documento denominado\u00a0<a href=\"https:\/\/www.fazenda.gov.br\/assuntos\/inteligencia-financeira#rif\">Relat\u00f3rio de Intelig\u00eancia Financeira \u2013 RIF<\/a>.<\/p>\n<p>\u00a0<\/p>\n<p><strong>Interc\u00e2mbio de informa\u00e7\u00f5es:<\/strong><\/p>\n<p>A coopera\u00e7\u00e3o e a troca de informa\u00e7\u00f5es com as autoridades competentes s\u00e3o de grande import\u00e2ncia para viabilizar a\u00e7\u00f5es r\u00e1pidas e eficientes na preven\u00e7\u00e3o e no combate \u00e0 lavagem de dinheiro e ao financiamento do terrorismo.<\/p>\n<p>O interc\u00e2mbio de informa\u00e7\u00f5es \u00e9 disciplinado pelo artigo 15 da Lei n\u00ba 9.613, de 1998:\u00a0<em>\u201cO Coaf comunicar\u00e1 \u00e0s autoridades competentes para a instaura\u00e7\u00e3o dos procedimentos cab\u00edveis, quando concluir pela exist\u00eancia de crimes previstos nesta Lei, de fundados ind\u00edcios de sua pr\u00e1tica, ou de qualquer outro il\u00edcito\u201d.<\/em><\/p>\n<p>O interc\u00e2mbio de informa\u00e7\u00f5es com autoridades nacionais \u00e9 realizado por meio do Sistema Eletr\u00f4nico de Interc\u00e2mbio do Coaf \u2013 SEI-C, no SisCoaf, ou por meio de correspond\u00eancias (of\u00edcios).<\/p>\n<p>O Coaf realiza interc\u00e2mbio de informa\u00e7\u00f5es tamb\u00e9m com as Unidades de Intelig\u00eancia Financeira \u2013 UIF integrantes do Grupo de Egmont. Saiba mais sobre a\u00a0<strong><a href=\"http:\/\/www.fazenda.gov.br\/assuntos\/atuacao-internacional\/prevencao-e-combate-a-lavagem-de-dinheiro-e-ao-financiamento-do-terrorismo\">atua\u00e7\u00e3o internacional do Conselho<\/a>.<\/strong><\/p>\n<p>O Sistema Eletr\u00f4nico de Interc\u00e2mbio do COAF (SEI-C) \u00e9 de uso exclusivo para autoridades competentes para apura\u00e7\u00e3o de il\u00edcitos.<\/p>\n<p>\u00a0<\/p>\n<p><strong>Relat\u00f3rios de Intelig\u00eancia Financeira \u2013 RIF:<\/strong><\/p>\n<p>O resultado das an\u00e1lises de intelig\u00eancia financeira decorrentes de comunica\u00e7\u00f5es recebidas, de interc\u00e2mbio de informa\u00e7\u00f5es ou de den\u00fancias \u00e9 registrado em documento denominado Relat\u00f3rio de Intelig\u00eancia Financeira \u2013 RIF.<\/p>\n<p>Quando o resultado das an\u00e1lises indicar a exist\u00eancia de fundados ind\u00edcios de lavagem de dinheiro, ou qualquer outro il\u00edcito, os Relat\u00f3rios de Intelig\u00eancia Financeira s\u00e3o encaminhados \u00e0s autoridades competentes para instaura\u00e7\u00e3o dos procedimentos cab\u00edveis.<\/p>\n<p>O conte\u00fado do RIF \u00e9<strong>\u00a0protegido por sigilo constitucional<\/strong>, inclusive nos termos da Lei Complementar 105, de 2001, n\u00e3o estando, portanto, sujeito \u00e0s classifica\u00e7\u00f5es da Lei 12.527, de 2011. O \u00f3rg\u00e3o destinat\u00e1rio do RIF \u00e9 respons\u00e1vel pela preserva\u00e7\u00e3o do sigilo.<\/p>\n<p>Existem dois tipos de relat\u00f3rio:<\/p>\n<ul>\n<li>Espont\u00e2neo (de of\u00edcio): elaborado por iniciativa do Coaf a partir da an\u00e1lise de comunica\u00e7\u00f5es ou den\u00fancias; e<\/li>\n<li>De interc\u00e2mbio: elaborado para atendimento a solicita\u00e7\u00e3o de interc\u00e2mbio de informa\u00e7\u00f5es por autoridades nacionais ou por Unidades de Intelig\u00eancia Financeira.<\/li>\n<\/ul>\n<p><strong>Fonte:<\/strong>\u00a0Conselho de Controle de Atividades Financeiras \u2013 COAF \/ Minist\u00e9rio da Fazenda.<\/p>\n<p><a href=\"http:\/\/www.fazenda.gov.br\/orgaos\/coaf\">http:\/\/www.fazenda.gov.br\/orgaos\/coaf<\/a><\/p>\n<p>\u00a0<\/p>\n<p>\u00a0<\/p>\n\n\n<p><\/p>\n\n\n\n<p><strong>PROCEDIMENTOS PARA SOLICITA\u00c7\u00c3O DE RIF (LAB-LD\/PCMA)<\/strong><\/p>\n\n\n\n<p>No \u00e2mbito da Pol\u00edcia Civil do Maranh\u00e3o, para solicita\u00e7\u00e3o de RIF ao COAF o Delegado de Pol\u00edcia demandante dever\u00e1 solicitar a <a href=\"http:\/\/gestor.policiacivil.ma.gov.br\/form\/\">abertura de Caso<\/a> no <em>site<\/em> oficial do LAB-LD\/PCMA. No ato de preenchimento do formul\u00e1rio digital \u00e9 obrigat\u00f3ria a indica\u00e7\u00e3o do \u201ce-mail funcional\u201d do demandante, assim como \u00e9 imprescind\u00edvel a juntada da Portaria do inqu\u00e9rito policial que apura o fato investigado. Caso o mesmo ainda n\u00e3o possua e-mail funcional, basta contatar a SUINF (Supervis\u00e3o de Inform\u00e1tica da SSP) e solicitar a cria\u00e7\u00e3o de um. O processo de cria\u00e7\u00e3o de e-mail funcional \u00e9 simples e r\u00e1pido.<\/p>\n\n\n\n<div class=\"wp-block-image\"><figure class=\"aligncenter is-resized\"><a href=\"http:\/\/www.policiacivil.ma.gov.br\/labld\/wp-content\/uploads\/2017\/08\/img1.png\"><img loading=\"lazy\" decoding=\"async\" src=\"http:\/\/www.policiacivil.ma.gov.br\/labld\/wp-content\/uploads\/2017\/08\/img1.png\" alt=\"\" class=\"wp-image-640\" width=\"526\" height=\"252\" srcset=\"https:\/\/www.policiacivil.ma.gov.br\/labld\/wp-content\/uploads\/2017\/08\/img1.png 945w, https:\/\/www.policiacivil.ma.gov.br\/labld\/wp-content\/uploads\/2017\/08\/img1-300x143.png 300w, https:\/\/www.policiacivil.ma.gov.br\/labld\/wp-content\/uploads\/2017\/08\/img1-768x367.png 768w\" sizes=\"(max-width: 526px) 100vw, 526px\" \/><\/a><\/figure><\/div>\n\n\n\n<div class=\"wp-block-image\"><figure class=\"aligncenter is-resized\"><a href=\"http:\/\/www.policiacivil.ma.gov.br\/labld\/wp-content\/uploads\/2017\/08\/img2.png\"><img loading=\"lazy\" decoding=\"async\" src=\"http:\/\/www.policiacivil.ma.gov.br\/labld\/wp-content\/uploads\/2017\/08\/img2.png\" alt=\"\" class=\"wp-image-641\" width=\"515\" height=\"199\" srcset=\"https:\/\/www.policiacivil.ma.gov.br\/labld\/wp-content\/uploads\/2017\/08\/img2.png 1104w, https:\/\/www.policiacivil.ma.gov.br\/labld\/wp-content\/uploads\/2017\/08\/img2-300x116.png 300w, https:\/\/www.policiacivil.ma.gov.br\/labld\/wp-content\/uploads\/2017\/08\/img2-768x298.png 768w, https:\/\/www.policiacivil.ma.gov.br\/labld\/wp-content\/uploads\/2017\/08\/img2-1024x397.png 1024w\" sizes=\"(max-width: 515px) 100vw, 515px\" \/><\/a><\/figure><\/div>\n\n\n\n<p>No formul\u00e1rio digital dever\u00e1 ser descrita, de forma minuciosa, a exist\u00eancia de fundados ind\u00edcios da ocorr\u00eancia de il\u00edcitos penais (campo \u201cresumo dos fatos\u201d), bem como dever\u00e3o ser indicados os investigados (com respectivos CPF\/CNPJ), o enquadramento legal (artigo, inciso, al\u00ednea, lei), <em>modus operandi<\/em> etc, de modo a permitir ao COAF atender ao previsto no art. 15, da Lei 9.613\/98. <\/p>\n\n\n\n<p>A falta de algum elemento essencial acima mencionado impedir\u00e1 que LAB-LD\/PCMA efetive a solicita\u00e7\u00e3o do RIF ao COAF. <\/p>\n\n\n\n<p><\/p>\n\n\n\n<p>Se ap\u00f3s a solicita\u00e7\u00e3o do RIF surgir a necessidade de solicita\u00e7\u00e3o de novas tarefas junto ao LAB-LD\/PCMA, n\u00e3o dever\u00e1 ser enviado novo formul\u00e1rio digital, a fim de se evitar duplicidade de cadastros no LAB-LD\/PCMA para uma mesma investiga\u00e7\u00e3o. Nestes casos (novas tarefas), dever\u00e1 ser feito contato direto com a Coordena\u00e7\u00e3o do LAB, que \u2013 ap\u00f3s alinhamento com o demandante &#8211; atualizar\u00e1 o Caso no Sistema Gestor com as novas tarefas solicitadas.<\/p>\n","protected":false},"excerpt":{"rendered":"<p>Intelig\u00eancia financeira: O\u00a0Conselho de Controle de Atividades Financeiras &#8211; Coaf\u00a0\u00e9 a Unidade de Intelig\u00eancia Financeira (UIF) do Brasil e recebe, examina e identifica ocorr\u00eancias suspeitas de atividade il\u00edcita e comunica \u00e0s autoridades competentes para instaura\u00e7\u00e3o de procedimentos.\u00a0 &#8220;Pessoas obrigadas\u201d s\u00e3o aquelas para as quais existe uma obriga\u00e7\u00e3o legal\u00a0para a preven\u00e7\u00e3o e combate ao crime de [&hellip;]<\/p>\n","protected":false},"author":3,"featured_media":0,"parent":0,"menu_order":0,"comment_status":"closed","ping_status":"closed","template":"","meta":{"jetpack_post_was_ever_published":false,"footnotes":""},"yst_prominent_words":[678,654,658,662,648,646,656,676,666,97,652,642,670,660,644,664,650,674,668,672],"jetpack_sharing_enabled":true,"jetpack_shortlink":"https:\/\/wp.me\/P8TCZr-aj","_links":{"self":[{"href":"https:\/\/www.policiacivil.ma.gov.br\/labld\/wp-json\/wp\/v2\/pages\/639"}],"collection":[{"href":"https:\/\/www.policiacivil.ma.gov.br\/labld\/wp-json\/wp\/v2\/pages"}],"about":[{"href":"https:\/\/www.policiacivil.ma.gov.br\/labld\/wp-json\/wp\/v2\/types\/page"}],"author":[{"embeddable":true,"href":"https:\/\/www.policiacivil.ma.gov.br\/labld\/wp-json\/wp\/v2\/users\/3"}],"replies":[{"embeddable":true,"href":"https:\/\/www.policiacivil.ma.gov.br\/labld\/wp-json\/wp\/v2\/comments?post=639"}],"version-history":[{"count":7,"href":"https:\/\/www.policiacivil.ma.gov.br\/labld\/wp-json\/wp\/v2\/pages\/639\/revisions"}],"predecessor-version":[{"id":1036,"href":"https:\/\/www.policiacivil.ma.gov.br\/labld\/wp-json\/wp\/v2\/pages\/639\/revisions\/1036"}],"wp:attachment":[{"href":"https:\/\/www.policiacivil.ma.gov.br\/labld\/wp-json\/wp\/v2\/media?parent=639"}],"wp:term":[{"taxonomy":"yst_prominent_words","embeddable":true,"href":"https:\/\/www.policiacivil.ma.gov.br\/labld\/wp-json\/wp\/v2\/yst_prominent_words?post=639"}],"curies":[{"name":"wp","href":"https:\/\/api.w.org\/{rel}","templated":true}]}}