{"id":621,"date":"2017-08-22T09:08:22","date_gmt":"2017-08-22T12:08:22","guid":{"rendered":"http:\/\/www.policiacivil.ma.gov.br\/labld\/?page_id=621"},"modified":"2017-08-22T09:27:33","modified_gmt":"2017-08-22T12:27:33","slug":"metodologia-de-abertura-de-caso","status":"publish","type":"page","link":"https:\/\/www.policiacivil.ma.gov.br\/labld\/metodologia-de-abertura-de-caso\/","title":{"rendered":"Metodologia de Abertura de Caso"},"content":{"rendered":"<p style=\"text-align: justify;\">A abertura de Caso junto ao LAB-LD\/PCMA ocorrer\u00e1 de forma inteiramente digital. Ap\u00f3s a reuni\u00e3o preliminar entre LAB-LD\/PCMA e DEMANDANTE, com defini\u00e7\u00e3o conjunta das tarefas a serem realizadas pelo LAB-LD\/PCMA, o demandante dever\u00e1 formalizar a solicita\u00e7\u00e3o de abertura do Caso preenchendo e enviando o <a href=\"http:\/\/gestor.policiacivil.ma.gov.br\/form\/\"><u>formul\u00e1rio digital<\/u><\/a>\u00a0, dispon\u00edvel no site oficial do LAB-LD\/PCMA.<\/p>\n<p style=\"text-align: justify;\">O <a href=\"http:\/\/www.policiacivil.ma.gov.br\/labld\/?page_id=530\"><u>passo a passo<\/u><\/a>\u00a0 para o preenchimento dos campos do formul\u00e1rio digital tamb\u00e9m est\u00e1 dispon\u00edvel no site oficial do LAB-LD\/PCMA.<\/p>\n<p style=\"text-align: justify;\">No ato de envio do formul\u00e1rio ser\u00e1 gerado um n\u00famero de Caso que o identificar\u00e1 junto ao LAB-LD\/PCMA.<\/p>\n<p style=\"text-align: justify;\">O formul\u00e1rio digital enviado pelo demandante ser\u00e1 recebido no LAB-LD\/PCMA diretamente no Sistema Gestor de Casos. \u00a0A solicita\u00e7\u00e3o de abertura ser\u00e1 apreciada pela Coordena\u00e7\u00e3o que observar\u00e1 o disposto no <a href=\"http:\/\/www.policiacivil.ma.gov.br\/labld\/wp-content\/plugins\/download-attachments\/includes\/download.php?id=399\"><u>Decreto Estadual 32.605\/2017<\/u><\/a>\u00a0 e <a href=\"http:\/\/www.policiacivil.ma.gov.br\/labld\/wp-content\/plugins\/download-attachments\/includes\/download.php?id=400\"><u>Portaria 193\/2016 DG\/PC\/MA<\/u><\/a>\u00a0no que se refere \u00e0s atribui\u00e7\u00f5es do LAB-LD\/PCMA e \u00e0s condi\u00e7\u00f5es de admissibilidade.<\/p>\n<p style=\"text-align: justify;\">Uma vez aberto um Caso, eventuais altera\u00e7\u00f5es nas tarefas, envio de novos documentos, inclus\u00e3o ou exclus\u00e3o de investigados juntos ao LAB-LD\/PCMA dever\u00e3o ser feitas diretamente com a Coordena\u00e7\u00e3o do LAB, que atualizar\u00e1 o Caso no Sistema Gestor. Nestes casos (atualiza\u00e7\u00e3o da demanda) n\u00e3o dever\u00e1 ser enviado novo formul\u00e1rio digital, a fim de se evitar duplicidade de cadastros no LAB-LD\/PCMA para uma mesma investiga\u00e7\u00e3o.<\/p>\n","protected":false},"excerpt":{"rendered":"<p>A abertura de Caso junto ao LAB-LD\/PCMA ocorrer\u00e1 de forma inteiramente digital. Ap\u00f3s a reuni\u00e3o preliminar entre LAB-LD\/PCMA e DEMANDANTE, com defini\u00e7\u00e3o conjunta das tarefas a serem realizadas pelo LAB-LD\/PCMA, o demandante dever\u00e1 formalizar a solicita\u00e7\u00e3o de abertura do Caso preenchendo e enviando o formul\u00e1rio digital\u00a0, dispon\u00edvel no site oficial do LAB-LD\/PCMA. O passo a [&hellip;]<\/p>\n","protected":false},"author":3,"featured_media":0,"parent":0,"menu_order":0,"comment_status":"closed","ping_status":"closed","template":"","meta":{"jetpack_post_was_ever_published":false,"footnotes":""},"yst_prominent_words":[353,394,716,351,718,711,705,438,378,584,709,720,713,366,188,368,707,369,342,715],"jetpack_sharing_enabled":true,"jetpack_shortlink":"https:\/\/wp.me\/P8TCZr-a1","_links":{"self":[{"href":"https:\/\/www.policiacivil.ma.gov.br\/labld\/wp-json\/wp\/v2\/pages\/621"}],"collection":[{"href":"https:\/\/www.policiacivil.ma.gov.br\/labld\/wp-json\/wp\/v2\/pages"}],"about":[{"href":"https:\/\/www.policiacivil.ma.gov.br\/labld\/wp-json\/wp\/v2\/types\/page"}],"author":[{"embeddable":true,"href":"https:\/\/www.policiacivil.ma.gov.br\/labld\/wp-json\/wp\/v2\/users\/3"}],"replies":[{"embeddable":true,"href":"https:\/\/www.policiacivil.ma.gov.br\/labld\/wp-json\/wp\/v2\/comments?post=621"}],"version-history":[{"count":3,"href":"https:\/\/www.policiacivil.ma.gov.br\/labld\/wp-json\/wp\/v2\/pages\/621\/revisions"}],"predecessor-version":[{"id":625,"href":"https:\/\/www.policiacivil.ma.gov.br\/labld\/wp-json\/wp\/v2\/pages\/621\/revisions\/625"}],"wp:attachment":[{"href":"https:\/\/www.policiacivil.ma.gov.br\/labld\/wp-json\/wp\/v2\/media?parent=621"}],"wp:term":[{"taxonomy":"yst_prominent_words","embeddable":true,"href":"https:\/\/www.policiacivil.ma.gov.br\/labld\/wp-json\/wp\/v2\/yst_prominent_words?post=621"}],"curies":[{"name":"wp","href":"https:\/\/api.w.org\/{rel}","templated":true}]}}