{"id":597,"date":"2017-08-18T12:15:17","date_gmt":"2017-08-18T15:15:17","guid":{"rendered":"http:\/\/www.policiacivil.ma.gov.br\/labld\/?page_id=597"},"modified":"2017-08-21T17:12:28","modified_gmt":"2017-08-21T20:12:28","slug":"fluxo-geral","status":"publish","type":"page","link":"https:\/\/www.policiacivil.ma.gov.br\/labld\/fluxo-geral\/","title":{"rendered":"Fluxo Geral"},"content":{"rendered":"<p><a href=\"http:\/\/www.policiacivil.ma.gov.br\/labld\/wp-content\/uploads\/2017\/08\/fluxo.jpeg\"><img loading=\"lazy\" decoding=\"async\" class=\"wp-image-603 aligncenter\" src=\"http:\/\/www.policiacivil.ma.gov.br\/labld\/wp-content\/uploads\/2017\/08\/fluxo.jpeg\" alt=\"\" width=\"624\" height=\"241\" srcset=\"https:\/\/www.policiacivil.ma.gov.br\/labld\/wp-content\/uploads\/2017\/08\/fluxo.jpeg 945w, https:\/\/www.policiacivil.ma.gov.br\/labld\/wp-content\/uploads\/2017\/08\/fluxo-300x116.jpeg 300w, https:\/\/www.policiacivil.ma.gov.br\/labld\/wp-content\/uploads\/2017\/08\/fluxo-768x297.jpeg 768w\" sizes=\"(max-width: 624px) 100vw, 624px\" \/><\/a><\/p>\n<p>&nbsp;<\/p>\n<p><strong>Fig.:<\/strong> Fluxo-resumo da metodologia de an\u00e1lise do LAB-LD\/PCMA.<\/p>\n<p><strong>\u00a0<\/strong><\/p>\n<p style=\"text-align: justify;\">O LAB-LD\/PCMA, unidade especializada de intelig\u00eancia financeira, inserido na estrutura do Centro de Intelig\u00eancia da Pol\u00edcia Civil do Maranh\u00e3o, \u00e9 composto por profissionais com experi\u00eancia e forma\u00e7\u00e3o acad\u00eamica espec\u00edficas voltadas \u00e0 an\u00e1lise de dados financeiros e tecnologia da informa\u00e7\u00e3o.<\/p>\n<p style=\"text-align: justify;\">Enquanto Unidade de Intelig\u00eancia financeira, o LAB-LD\/PCMA n\u00e3o possui investiga\u00e7\u00e3o pr\u00f3pria (art. 4\u00ba, Decreto Estadual n\u00ba 32.605\/2017). Atua em assessoramento \u00e0s unidades operacionais desde a abertura do caso at\u00e9 a conclus\u00e3o da an\u00e1lise demandada, com compartilhamento de experi\u00eancias e boas pr\u00e1ticas em investiga\u00e7\u00e3o financeira e no estabelecimento de estrat\u00e9gias investigativas junto com o demandante.<\/p>\n<p style=\"text-align: justify;\">A solicita\u00e7\u00e3o de abertura do Caso ocorre por meio de envio de formul\u00e1rio digital que ser\u00e1 apreciado pela Coordena\u00e7\u00e3o do LAB. A aceita\u00e7\u00e3o do Caso observar\u00e1 o disposto no Decreto Estadual 32.605\/2017 e Portaria 195\/2016 DG\/PC\/MA no que se refere \u00e0s atribui\u00e7\u00f5es do LAB e condi\u00e7\u00f5es de admissibilidade.<\/p>\n<p style=\"text-align: justify;\">A conclus\u00e3o da an\u00e1lise \u00e9 materializada em um Relat\u00f3rio que ser\u00e1 devolvido ao demandante para ado\u00e7\u00e3o das medidas cab\u00edveis.<\/p>\n","protected":false},"excerpt":{"rendered":"<p>&nbsp; Fig.: Fluxo-resumo da metodologia de an\u00e1lise do LAB-LD\/PCMA. \u00a0 O LAB-LD\/PCMA, unidade especializada de intelig\u00eancia financeira, inserido na estrutura do Centro de Intelig\u00eancia da Pol\u00edcia Civil do Maranh\u00e3o, \u00e9 composto por profissionais com experi\u00eancia e forma\u00e7\u00e3o acad\u00eamica espec\u00edficas voltadas \u00e0 an\u00e1lise de dados financeiros e tecnologia da informa\u00e7\u00e3o. Enquanto Unidade de Intelig\u00eancia financeira, o [&hellip;]<\/p>\n","protected":false},"author":3,"featured_media":0,"parent":0,"menu_order":0,"comment_status":"closed","ping_status":"closed","template":"","meta":{"jetpack_post_was_ever_published":false,"footnotes":""},"yst_prominent_words":[508,353,106,730,722,506,724,394,725,437,726,97,728,259,63,721],"jetpack_sharing_enabled":true,"jetpack_shortlink":"https:\/\/wp.me\/P8TCZr-9D","_links":{"self":[{"href":"https:\/\/www.policiacivil.ma.gov.br\/labld\/wp-json\/wp\/v2\/pages\/597"}],"collection":[{"href":"https:\/\/www.policiacivil.ma.gov.br\/labld\/wp-json\/wp\/v2\/pages"}],"about":[{"href":"https:\/\/www.policiacivil.ma.gov.br\/labld\/wp-json\/wp\/v2\/types\/page"}],"author":[{"embeddable":true,"href":"https:\/\/www.policiacivil.ma.gov.br\/labld\/wp-json\/wp\/v2\/users\/3"}],"replies":[{"embeddable":true,"href":"https:\/\/www.policiacivil.ma.gov.br\/labld\/wp-json\/wp\/v2\/comments?post=597"}],"version-history":[{"count":12,"href":"https:\/\/www.policiacivil.ma.gov.br\/labld\/wp-json\/wp\/v2\/pages\/597\/revisions"}],"predecessor-version":[{"id":612,"href":"https:\/\/www.policiacivil.ma.gov.br\/labld\/wp-json\/wp\/v2\/pages\/597\/revisions\/612"}],"wp:attachment":[{"href":"https:\/\/www.policiacivil.ma.gov.br\/labld\/wp-json\/wp\/v2\/media?parent=597"}],"wp:term":[{"taxonomy":"yst_prominent_words","embeddable":true,"href":"https:\/\/www.policiacivil.ma.gov.br\/labld\/wp-json\/wp\/v2\/yst_prominent_words?post=597"}],"curies":[{"name":"wp","href":"https:\/\/api.w.org\/{rel}","templated":true}]}}