{"id":563,"date":"2017-07-26T16:28:06","date_gmt":"2017-07-26T19:28:06","guid":{"rendered":"http:\/\/www.policiacivil.ma.gov.br\/labld\/?page_id=563"},"modified":"2017-08-25T10:41:53","modified_gmt":"2017-08-25T13:41:53","slug":"outras-analises","status":"publish","type":"page","link":"https:\/\/www.policiacivil.ma.gov.br\/labld\/outras-analises\/","title":{"rendered":"Metodologia de An\u00e1lise"},"content":{"rendered":"<p>A metodologia de an\u00e1lise de Casos do LAB-LD\/PCMA segue basicamente seis etapas:<\/p>\n<p><a href=\"http:\/\/www.policiacivil.ma.gov.br\/labld\/wp-content\/uploads\/2017\/07\/img1.png\"><img loading=\"lazy\" decoding=\"async\" class=\"wp-image-634 aligncenter\" src=\"http:\/\/www.policiacivil.ma.gov.br\/labld\/wp-content\/uploads\/2017\/07\/img1.png\" alt=\"\" width=\"381\" height=\"227\" srcset=\"https:\/\/www.policiacivil.ma.gov.br\/labld\/wp-content\/uploads\/2017\/07\/img1.png 1220w, https:\/\/www.policiacivil.ma.gov.br\/labld\/wp-content\/uploads\/2017\/07\/img1-300x179.png 300w, https:\/\/www.policiacivil.ma.gov.br\/labld\/wp-content\/uploads\/2017\/07\/img1-768x458.png 768w, https:\/\/www.policiacivil.ma.gov.br\/labld\/wp-content\/uploads\/2017\/07\/img1-1024x611.png 1024w\" sizes=\"(max-width: 381px) 100vw, 381px\" \/><\/a><\/p>\n<p><strong>REUNI\u00c3O PRELIMINAR<\/strong><\/p>\n<p style=\"text-align: justify;\">Dever\u00e1 ocorrer sempre antes da formal solicita\u00e7\u00e3o de abertura de Caso (via <em>site<\/em>), especialmente se se tratar da primeira solicita\u00e7\u00e3o do demandante. \u00c9 nesta fase que ser\u00e3o apresentadas ao demandante as atribui\u00e7\u00f5es e possibilidades t\u00e9cnicas do LAB-LD, fluxos procedimentais, metodologias de abertura de Caso e de an\u00e1lise etc.<\/p>\n<p style=\"text-align: justify;\">A reuni\u00e3o preliminar servir\u00e1, tamb\u00e9m, para o LAB-LD conhecer os detalhes do Caso, fundamentais para o norteamento dos trabalhos.<\/p>\n<p style=\"text-align: justify;\">Em se tratando de apoio em <a href=\"http:\/\/www.policiacivil.ma.gov.br\/labld\/?page_id=656\">afastamento do sigilo banc\u00e1rio<\/a>, a abertura de Caso junto ao LAB-LD dever\u00e1 ocorrer sempre ANTES do efetivo ajuizamento da representa\u00e7\u00e3o judicial, uma vez que o LAB-LD ir\u00e1 gerar o n\u00famero de\u00a0coopera\u00e7\u00e3o t\u00e9cnica do SIMBA para onde ser\u00e3o enviados os dados banc\u00e1rios. Referido n\u00famero de coopera\u00e7\u00e3o t\u00e9cnica dever\u00e1 ser mencionado na representa\u00e7\u00e3o judicial a ser ajuizada pelo Delegado demandante.<\/p>\n<p>&nbsp;<\/p>\n<p><strong>SOLICITA\u00c7\u00c3O DE ABERTURA DE CASO (via <em>site<\/em>: formul\u00e1rio digital)<\/strong><\/p>\n<p style=\"text-align: justify;\">\u00c9 a fase onde \u2013 ap\u00f3s reuni\u00e3o preliminar \u2013 o demandante formaliza pedido de assessoramento t\u00e9cnico ao LAB-LD.<\/p>\n<p style=\"text-align: justify;\">A solicita\u00e7\u00e3o dispensa o uso de of\u00edcios ou formul\u00e1rios impressos, sendo realizada inteiramente por meio de <a href=\"http:\/\/gestor.policiacivil.ma.gov.br\/form\/\"><u>formul\u00e1rio digital<\/u><\/a>\u00a0, dispon\u00edvel no <em>site<\/em> oficial do LAB-LD. O formul\u00e1rio \u00e9 intuitivo e de f\u00e1cil preenchimento.<\/p>\n<p><a href=\"http:\/\/www.policiacivil.ma.gov.br\/labld\/wp-content\/uploads\/2017\/07\/img2.png\"><img loading=\"lazy\" decoding=\"async\" class=\"wp-image-635 aligncenter\" src=\"http:\/\/www.policiacivil.ma.gov.br\/labld\/wp-content\/uploads\/2017\/07\/img2.png\" alt=\"\" width=\"592\" height=\"173\" srcset=\"https:\/\/www.policiacivil.ma.gov.br\/labld\/wp-content\/uploads\/2017\/07\/img2.png 873w, https:\/\/www.policiacivil.ma.gov.br\/labld\/wp-content\/uploads\/2017\/07\/img2-300x88.png 300w, https:\/\/www.policiacivil.ma.gov.br\/labld\/wp-content\/uploads\/2017\/07\/img2-768x224.png 768w\" sizes=\"(max-width: 592px) 100vw, 592px\" \/><\/a><\/p>\n<p>&nbsp;<\/p>\n<p><strong>ACEITA\u00c7\u00c3O DO CASO<\/strong><\/p>\n<p>O formul\u00e1rio digital enviado pelo demandante ser\u00e1 apreciado pelo Coordenador, que despachar\u00e1:<\/p>\n<ul>\n<li>(1) Aceitando o Caso, sem ressalvas;<\/li>\n<li>(2) Aceitando o Caso, com ressalvas;<\/li>\n<li>(3) Rejeitando o Caso.<\/li>\n<\/ul>\n<p style=\"text-align: justify;\">A aceita\u00e7\u00e3o do Caso sem ressalvas (1) ocorrer\u00e1 quando n\u00e3o houver qualquer obst\u00e1culo ao in\u00edcio do processamento do que for solicitado ao LAB-LD.<\/p>\n<p style=\"text-align: justify;\">A aceita\u00e7\u00e3o do Caso com ressalvas (2) ocorrer\u00e1 quando a solicita\u00e7\u00e3o estiver dentre as atribui\u00e7\u00f5es do LAB. Contudo, requer que seja saneada alguma quest\u00e3o que prejudique o cumprimento da solicita\u00e7\u00e3o. Ex.: o e-mail informado deve ser o funcional.<\/p>\n<p style=\"text-align: justify;\">Nestes casos (2), o demandante ser\u00e1 comunicado da pend\u00eancia. Ap\u00f3s transcorrido o prazo de 30 (trinta) dias sem resposta do demandante, o Caso ser\u00e1 encerrado por meio de relat\u00f3rio terminativo, e arquivado. <em>Obs.:<\/em> o Caso poder\u00e1 ser reaberto a qualquer tempo por despacho fundamentado do Coordenador.<\/p>\n<p style=\"text-align: justify;\">A rejei\u00e7\u00e3o do Caso (3) ocorrer\u00e1 quando a solicita\u00e7\u00e3o n\u00e3o estiver dentre as atribui\u00e7\u00f5es do LAB-LD ou contiver v\u00edcio insan\u00e1vel.<\/p>\n<p style=\"text-align: justify;\">As atribui\u00e7\u00f5es do LAB-LD\/PCMA est\u00e3o previstas na <a href=\"http:\/\/www.policiacivil.ma.gov.br\/labld\/wp-content\/plugins\/download-attachments\/includes\/download.php?id=400\"><u>Portaria n\u00ba 193\/2016 \u2013 DG\/PC\/MA<\/u><\/a>\u00a0 (regulamenta a utiliza\u00e7\u00e3o do SIMBA) e no <a href=\"http:\/\/www.policiacivil.ma.gov.br\/labld\/wp-content\/plugins\/download-attachments\/includes\/download.php?id=399\"><u>Decreto Estadual n\u00ba 32.605\/2017<\/u> <\/a>\u00a0(disp\u00f5e sobre a organiza\u00e7\u00e3o do LAB), dispon\u00edveis no <em>site<\/em> oficial do LAB-LD\/PCMA.<\/p>\n<p>&nbsp;<\/p>\n<p><strong>DISTRIBUI\u00c7\u00c3O E PLANEJAMENTO <\/strong><\/p>\n<p style=\"text-align: justify;\">Por ocasi\u00e3o do despacho de aceita\u00e7\u00e3o do Caso pelo Coordenador, ser\u00e1 designado o analista respons\u00e1vel pelo Caso, a quem competir\u00e1 processar a demanda, sob a coordena\u00e7\u00e3o do chefe da unidade de an\u00e1lise e do Coordenador do LAB-LD.<\/p>\n<p style=\"text-align: justify;\">Antes do in\u00edcio do processamento do Caso, ser\u00e1 elaborado o planejamento do Caso, o qual servir\u00e1 para orientar os trabalhos e conter\u00e1: informa\u00e7\u00f5es gerais; detalhamento do Caso; rela\u00e7\u00e3o de investigados; dados dispon\u00edveis; dados necess\u00e1rios; distribui\u00e7\u00e3o de tarefas; prazos; e outros.<\/p>\n<p>&nbsp;<\/p>\n<p><strong>PROCESSAMENTO<\/strong><\/p>\n<p style=\"text-align: justify;\">O LAB far\u00e1 inicialmente a coleta de dados. Em seguida, os dados coletados s\u00e3o avaliados. \u00a0Os dados considerados relevantes e \u00fateis para a investiga\u00e7\u00e3o s\u00e3o destacados para realiza\u00e7\u00e3o de an\u00e1lise t\u00e9cnica. Esses dados ser\u00e3o ent\u00e3o reunidos e tratados (ETL \u2013 <em>extract, transform and load<\/em>) com uso de softwares espec\u00edficos para, em seguida, serem armazenados em um reposit\u00f3rio pr\u00f3prio.<\/p>\n<p><a href=\"http:\/\/www.policiacivil.ma.gov.br\/labld\/wp-content\/uploads\/2017\/07\/img3.png\"><img loading=\"lazy\" decoding=\"async\" class=\"wp-image-636 aligncenter\" src=\"http:\/\/www.policiacivil.ma.gov.br\/labld\/wp-content\/uploads\/2017\/07\/img3.png\" alt=\"\" width=\"518\" height=\"222\" srcset=\"https:\/\/www.policiacivil.ma.gov.br\/labld\/wp-content\/uploads\/2017\/07\/img3.png 628w, https:\/\/www.policiacivil.ma.gov.br\/labld\/wp-content\/uploads\/2017\/07\/img3-300x129.png 300w\" sizes=\"(max-width: 518px) 100vw, 518px\" \/><\/a><\/p>\n<p style=\"text-align: justify;\">O tratamento pr\u00e9vio dos dados \u00e9 realizado pela unidade de TI do LAB-LD, que \u00e9 composta por servidores policiais com forma\u00e7\u00e3o especializada nessa \u00e1rea. Al\u00e9m do tratamento dos dados, existe um cuidado especial na manuten\u00e7\u00e3o dos dados originais e na rastreabilidade de todo material analisado.<\/p>\n<p style=\"text-align: justify;\">Ap\u00f3s a estrutura\u00e7\u00e3o de todos os dados \u00fateis reunidos, h\u00e1 in\u00edcio \u00e0 an\u00e1lise propriamente dita pela unidade de an\u00e1lise de informa\u00e7\u00f5es do LAB-LD.<\/p>\n<p style=\"text-align: justify;\">O processamento da an\u00e1lise dos dados \u00e9 realizado com apoio de softwares espec\u00edficos. As ferramentas principais do LAB-LD s\u00e3o o SIMBA e o SITTEL. S\u00e3o sistemas desenvolvidos pela PGR \u2013 Procuradoria Geral da Rep\u00fablica, respons\u00e1veis por fazer a transmiss\u00e3o dos dados banc\u00e1rios e telef\u00f4nicos entre as institui\u00e7\u00f5es que possuem esses dados e os \u00f3rg\u00e3os de persecu\u00e7\u00e3o criminal.<\/p>\n<p style=\"text-align: justify;\">Em alguns casos, \u00e9 poss\u00edvel que o demandante n\u00e3o queira que o LAB-LD proceda \u00e0 an\u00e1lise dos dados banc\u00e1rios recebidos. Nestes casos, a estrutura do LAB-LD ser\u00e1 utilizada apenas como canal de recebimento dos dados banc\u00e1rios via SIMBA.<\/p>\n<p style=\"text-align: justify;\">Durante a fase de processamento \u00e9 comum que surjam d\u00favidas ou necessidade de mais informa\u00e7\u00f5es acerca da demanda postulada. Nestes casos, ser\u00e1 realizada reuni\u00e3o com o demandante, visando dirimir essas d\u00favidas, complementar informa\u00e7\u00f5es ou at\u00e9 avaliar se o caso ser\u00e1 ou n\u00e3o continuado pelo LAB-LD. Sendo a reuni\u00e3o considerada imprescind\u00edvel para a continuidade da an\u00e1lise, a sua n\u00e3o realiza\u00e7\u00e3o resultar\u00e1 em sobrestamento do Caso at\u00e9 que a mesma ocorra.<\/p>\n<p>&nbsp;<\/p>\n<p><strong>RELAT\u00d3RIO<\/strong><\/p>\n<p style=\"text-align: justify;\">O resultado final da an\u00e1lise ser\u00e1 materializado em um relat\u00f3rio a ser difundido \u00e0 autoridade demandante.<\/p>\n<p style=\"text-align: justify;\">Referido relat\u00f3rio ser\u00e1 instru\u00eddo de tabelas e gr\u00e1ficos com o objetivo de facilitar a compreens\u00e3o das informa\u00e7\u00f5es transmitidas.<\/p>\n<p style=\"text-align: justify;\">A Portaria 02\/2017 LAB-LD\/PCMA estabelece as esp\u00e9cies de Relat\u00f3rios produzidos no \u00e2mbito do LAB-LD\/PCMA:<\/p>\n<ul>\n<li style=\"text-align: justify;\">Relat\u00f3rio de An\u00e1lise T\u00e9cnica de Dados: confeccionado nos casos de investiga\u00e7\u00f5es que demandem an\u00e1lise de volume expressivo de dados que n\u00e3o possam de outra forma ser analisados;<\/li>\n<li style=\"text-align: justify;\">Relat\u00f3rio de Intelig\u00eancia: confeccionado, no \u00e2mbito do LAB, para produ\u00e7\u00e3o de conhecimento com o objetivo de subsidiar os tomadores de decis\u00e3o, em todos os n\u00edveis, no planejamento e execu\u00e7\u00e3o de pol\u00edtica de Seguran\u00e7a P\u00fablica, especialmente nos casos de combate \u00e0 corrup\u00e7\u00e3o e \u00e0 lavagem de dinheiro;<\/li>\n<li style=\"text-align: justify;\">Relat\u00f3rio Terminativo: utilizado para finalizar Casos sem que tenha havido a an\u00e1lise t\u00e9cnica dos dados, por fatores diversos;<\/li>\n<li style=\"text-align: justify;\">Relat\u00f3rio de Apoio T\u00e9cnico: utilizado para atender aos demais casos n\u00e3o abrangidos pelos relat\u00f3rios anteriores.<\/li>\n<\/ul>\n","protected":false},"excerpt":{"rendered":"<p>A metodologia de an\u00e1lise de Casos do LAB-LD\/PCMA segue basicamente seis etapas: REUNI\u00c3O PRELIMINAR Dever\u00e1 ocorrer sempre antes da formal solicita\u00e7\u00e3o de abertura de Caso (via site), especialmente se se tratar da primeira solicita\u00e7\u00e3o do demandante. \u00c9 nesta fase que ser\u00e3o apresentadas ao demandante as atribui\u00e7\u00f5es e possibilidades t\u00e9cnicas do LAB-LD, fluxos procedimentais, metodologias de [&hellip;]<\/p>\n","protected":false},"author":3,"featured_media":0,"parent":0,"menu_order":0,"comment_status":"closed","ping_status":"closed","template":"","meta":{"jetpack_post_was_ever_published":false,"footnotes":""},"yst_prominent_words":[106,392,380,402,322,374,394,388,396,382,378,386,347,384,372,400,376,342,390,398],"jetpack_sharing_enabled":true,"jetpack_shortlink":"https:\/\/wp.me\/P8TCZr-95","_links":{"self":[{"href":"https:\/\/www.policiacivil.ma.gov.br\/labld\/wp-json\/wp\/v2\/pages\/563"}],"collection":[{"href":"https:\/\/www.policiacivil.ma.gov.br\/labld\/wp-json\/wp\/v2\/pages"}],"about":[{"href":"https:\/\/www.policiacivil.ma.gov.br\/labld\/wp-json\/wp\/v2\/types\/page"}],"author":[{"embeddable":true,"href":"https:\/\/www.policiacivil.ma.gov.br\/labld\/wp-json\/wp\/v2\/users\/3"}],"replies":[{"embeddable":true,"href":"https:\/\/www.policiacivil.ma.gov.br\/labld\/wp-json\/wp\/v2\/comments?post=563"}],"version-history":[{"count":7,"href":"https:\/\/www.policiacivil.ma.gov.br\/labld\/wp-json\/wp\/v2\/pages\/563\/revisions"}],"predecessor-version":[{"id":663,"href":"https:\/\/www.policiacivil.ma.gov.br\/labld\/wp-json\/wp\/v2\/pages\/563\/revisions\/663"}],"wp:attachment":[{"href":"https:\/\/www.policiacivil.ma.gov.br\/labld\/wp-json\/wp\/v2\/media?parent=563"}],"wp:term":[{"taxonomy":"yst_prominent_words","embeddable":true,"href":"https:\/\/www.policiacivil.ma.gov.br\/labld\/wp-json\/wp\/v2\/yst_prominent_words?post=563"}],"curies":[{"name":"wp","href":"https:\/\/api.w.org\/{rel}","templated":true}]}}