{"id":530,"date":"2017-07-24T16:25:13","date_gmt":"2017-07-24T19:25:13","guid":{"rendered":"http:\/\/www.policiacivil.ma.gov.br\/labld\/?page_id=530"},"modified":"2018-01-15T09:49:19","modified_gmt":"2018-01-15T12:49:19","slug":"instrucoes","status":"publish","type":"page","link":"https:\/\/www.policiacivil.ma.gov.br\/labld\/instrucoes\/","title":{"rendered":"Instru\u00e7\u00f5es"},"content":{"rendered":"<h4 style=\"text-align: center;\"><strong>PASSO A PASSO PARA ABERTURA DE CASO JUNTO AO LAB-LD\/PCMA<\/strong><\/h4>\n<p>&nbsp;<\/p>\n<ol>\n<li>\n<h5>Ao acessar o site do LAB-LD\/PCMA (<a href=\"http:\/\/www.policiacivil.ma.gov.br\/labld\/\">http:\/\/www.policiacivil.ma.gov.br\/labld\/<\/a>), clique na aba \u201cABERTURA DE CASO\u201d.<\/h5>\n<\/li>\n<li><a href=\"http:\/\/www.policiacivil.ma.gov.br\/labld\/wp-content\/uploads\/2017\/07\/PP01.png\"><img loading=\"lazy\" decoding=\"async\" class=\"wp-image-538 aligncenter\" src=\"http:\/\/www.policiacivil.ma.gov.br\/labld\/wp-content\/uploads\/2017\/07\/PP01.png\" alt=\"\" width=\"615\" height=\"161\" srcset=\"https:\/\/www.policiacivil.ma.gov.br\/labld\/wp-content\/uploads\/2017\/07\/PP01.png 1110w, https:\/\/www.policiacivil.ma.gov.br\/labld\/wp-content\/uploads\/2017\/07\/PP01-300x79.png 300w, https:\/\/www.policiacivil.ma.gov.br\/labld\/wp-content\/uploads\/2017\/07\/PP01-768x201.png 768w, https:\/\/www.policiacivil.ma.gov.br\/labld\/wp-content\/uploads\/2017\/07\/PP01-1024x268.png 1024w\" sizes=\"(max-width: 615px) 100vw, 615px\" \/><\/a>Acesse a sub-aba \u201cABRIR UM CASO\u201d e, em seguida, preencha o formul\u00e1rio de solicita\u00e7\u00e3o. Aten\u00e7\u00e3o no preenchimento (ler os itens abaixo).<\/li>\n<li style=\"text-align: justify;\">O campo \u201cEMAIL FUNCIONAL\u201d deve ser preenchido <strong>obrigatoriamente <\/strong>com o<strong> e-mail<\/strong> <strong>funcional<\/strong> do demandante. Caso o mesmo ainda n\u00e3o possua e-mail funcional, contatar a SUINF (Supervis\u00e3o de Inform\u00e1tica) e solicitar a cria\u00e7\u00e3o de um. O processo de cria\u00e7\u00e3o de e-mail funcional \u00e9 simples e r\u00e1pido.<\/li>\n<li style=\"text-align: justify;\"><a href=\"http:\/\/www.policiacivil.ma.gov.br\/labld\/wp-content\/uploads\/2017\/07\/PP02.png\"><img loading=\"lazy\" decoding=\"async\" class=\"wp-image-539 aligncenter\" src=\"http:\/\/www.policiacivil.ma.gov.br\/labld\/wp-content\/uploads\/2017\/07\/PP02.png\" alt=\"\" width=\"611\" height=\"195\" srcset=\"https:\/\/www.policiacivil.ma.gov.br\/labld\/wp-content\/uploads\/2017\/07\/PP02.png 1593w, https:\/\/www.policiacivil.ma.gov.br\/labld\/wp-content\/uploads\/2017\/07\/PP02-300x96.png 300w, https:\/\/www.policiacivil.ma.gov.br\/labld\/wp-content\/uploads\/2017\/07\/PP02-768x245.png 768w, https:\/\/www.policiacivil.ma.gov.br\/labld\/wp-content\/uploads\/2017\/07\/PP02-1024x327.png 1024w\" sizes=\"(max-width: 611px) 100vw, 611px\" \/><\/a>Os campos \u201cN\u00daMERO DO PROCESSO\u201d, \u201cVARA\/TRIBUNAL\u201d e \u201cJUIZ\u201d n\u00e3o s\u00e3o de preenchimento obrigat\u00f3rio e somente dever\u00e3o ser preenchidos quando a investiga\u00e7\u00e3o j\u00e1 estiver sido judicializada. Neste caso, o preenchimento dos campos \u00e9 importante, pois permite que o LAB acompanhe as movimenta\u00e7\u00f5es processuais do caso sob an\u00e1lise.<\/li>\n<li><a href=\"http:\/\/www.policiacivil.ma.gov.br\/labld\/wp-content\/uploads\/2017\/07\/PP03.png\"><img loading=\"lazy\" decoding=\"async\" class=\"wp-image-540 aligncenter\" src=\"http:\/\/www.policiacivil.ma.gov.br\/labld\/wp-content\/uploads\/2017\/07\/PP03.png\" alt=\"\" width=\"603\" height=\"186\" srcset=\"https:\/\/www.policiacivil.ma.gov.br\/labld\/wp-content\/uploads\/2017\/07\/PP03.png 1605w, https:\/\/www.policiacivil.ma.gov.br\/labld\/wp-content\/uploads\/2017\/07\/PP03-300x93.png 300w, https:\/\/www.policiacivil.ma.gov.br\/labld\/wp-content\/uploads\/2017\/07\/PP03-768x237.png 768w, https:\/\/www.policiacivil.ma.gov.br\/labld\/wp-content\/uploads\/2017\/07\/PP03-1024x316.png 1024w\" sizes=\"(max-width: 603px) 100vw, 603px\" \/><\/a>Os campos \u201cRESUMO DOS FATOS\u201d e \u201cQUESITOS A SEREM RESPONDIDOS PELO LAB-LD\u201d s\u00e3o os campos mais importantes do formul\u00e1rio. S\u00e3o os campos que nortear\u00e3o os trabalhos dos Analistas.<\/li>\n<li><a href=\"http:\/\/www.policiacivil.ma.gov.br\/labld\/wp-content\/uploads\/2017\/07\/PP04.png\"><img loading=\"lazy\" decoding=\"async\" class=\"wp-image-541 aligncenter\" src=\"http:\/\/www.policiacivil.ma.gov.br\/labld\/wp-content\/uploads\/2017\/07\/PP04.png\" alt=\"\" width=\"623\" height=\"188\" srcset=\"https:\/\/www.policiacivil.ma.gov.br\/labld\/wp-content\/uploads\/2017\/07\/PP04.png 1074w, https:\/\/www.policiacivil.ma.gov.br\/labld\/wp-content\/uploads\/2017\/07\/PP04-300x91.png 300w, https:\/\/www.policiacivil.ma.gov.br\/labld\/wp-content\/uploads\/2017\/07\/PP04-768x232.png 768w, https:\/\/www.policiacivil.ma.gov.br\/labld\/wp-content\/uploads\/2017\/07\/PP04-1024x309.png 1024w\" sizes=\"(max-width: 623px) 100vw, 623px\" \/><\/a>No campo \u201cSOLICITA\u00c7\u00d5ES AO LAB-LD\u201d o demandante poder\u00e1 selecionar mais de um campo, a depender de sua necessidade. Recomenda-se, por\u00e9m, que antes de selecionar a op\u00e7\u00e3o desejada, o demandante fa\u00e7a contato com a Coordena\u00e7\u00e3o do LAB para esclarecimentos e alinhamentos.<\/li>\n<li><a href=\"http:\/\/www.policiacivil.ma.gov.br\/labld\/wp-content\/uploads\/2017\/07\/PP05.png\"><img loading=\"lazy\" decoding=\"async\" class=\"wp-image-542 aligncenter\" src=\"http:\/\/www.policiacivil.ma.gov.br\/labld\/wp-content\/uploads\/2017\/07\/PP05.png\" alt=\"\" width=\"621\" height=\"179\" srcset=\"https:\/\/www.policiacivil.ma.gov.br\/labld\/wp-content\/uploads\/2017\/07\/PP05.png 856w, https:\/\/www.policiacivil.ma.gov.br\/labld\/wp-content\/uploads\/2017\/07\/PP05-300x87.png 300w, https:\/\/www.policiacivil.ma.gov.br\/labld\/wp-content\/uploads\/2017\/07\/PP05-768x222.png 768w\" sizes=\"(max-width: 621px) 100vw, 621px\" \/><\/a>Ainda no campo \u201cSOLICITA\u00c7\u00d5ES AO LAB-LD\u201d, ao selecionar os campos \u201cCADASTRO NO SIMBA\u201d, \u201cCADASTRO NO SITTEL\u201d ou \u201cQUEBRA DE SIGILO FISCAL\u201d, o demandante dever\u00e1 informar o per\u00edodo da quebra.<\/li>\n<li style=\"text-align: justify;\"><a href=\"http:\/\/www.policiacivil.ma.gov.br\/labld\/wp-content\/uploads\/2017\/07\/PP06.png\"><img loading=\"lazy\" decoding=\"async\" class=\"wp-image-543 aligncenter\" src=\"http:\/\/www.policiacivil.ma.gov.br\/labld\/wp-content\/uploads\/2017\/07\/PP06.png\" alt=\"\" width=\"601\" height=\"232\" srcset=\"https:\/\/www.policiacivil.ma.gov.br\/labld\/wp-content\/uploads\/2017\/07\/PP06.png 1024w, https:\/\/www.policiacivil.ma.gov.br\/labld\/wp-content\/uploads\/2017\/07\/PP06-300x116.png 300w, https:\/\/www.policiacivil.ma.gov.br\/labld\/wp-content\/uploads\/2017\/07\/PP06-768x296.png 768w\" sizes=\"(max-width: 601px) 100vw, 601px\" \/><\/a>Pode ser que aconte\u00e7a de &#8211; ap\u00f3s conclu\u00eddo o envio do formul\u00e1rio &#8211; o demandante ter a necessidade de alterar a data de quebra informada. Neste caso, n\u00e3o ser\u00e1 necess\u00e1rio o envio de novo formul\u00e1rio, bastando que o demandante fa\u00e7a contato com a Coordena\u00e7\u00e3o do LAB para que seja feita a atualiza\u00e7\u00e3o da informa\u00e7\u00e3o no Sistema Gestor do Casos do LAB.<\/li>\n<li style=\"text-align: justify;\">O mesmo procedimento vale para eventual necessidade de altera\u00e7\u00e3o de outros campos.<\/li>\n<li style=\"text-align: justify;\">No campo \u201cARQUIVOS\u201d o demandante dever\u00e1 anexar os documentos necess\u00e1rios \u00e0 an\u00e1lise solicitada.<\/li>\n<li style=\"text-align: justify;\">No caso de solicita\u00e7\u00e3o de RIF (Relat\u00f3rio de Intelig\u00eancia Financeira) \u00e9 <strong>obrigat\u00f3ria<\/strong> a juntada da Portaria do Inqu\u00e9rito Policial, por exig\u00eancia do COAF.<\/li>\n<li style=\"text-align: justify;\">Cumpre destacar que o formul\u00e1rio s\u00f3 aceita que seja anexado um \u00fanico documento. Assim, havendo necessidade de enviar mais de um documento, o demandante dever\u00e1 reuni-los em um \u00fanico documento zipado (.zip) ou entrar em contato com a Coordena\u00e7\u00e3o do LAB para que os dados sejam enviados por e-mail.<br \/>\n<a href=\"http:\/\/www.policiacivil.ma.gov.br\/labld\/wp-content\/uploads\/2017\/07\/PP07.png\"><img loading=\"lazy\" decoding=\"async\" class=\"wp-image-544 aligncenter\" src=\"http:\/\/www.policiacivil.ma.gov.br\/labld\/wp-content\/uploads\/2017\/07\/PP07.png\" alt=\"\" width=\"607\" height=\"122\" srcset=\"https:\/\/www.policiacivil.ma.gov.br\/labld\/wp-content\/uploads\/2017\/07\/PP07.png 1025w, https:\/\/www.policiacivil.ma.gov.br\/labld\/wp-content\/uploads\/2017\/07\/PP07-300x60.png 300w, https:\/\/www.policiacivil.ma.gov.br\/labld\/wp-content\/uploads\/2017\/07\/PP07-768x154.png 768w, https:\/\/www.policiacivil.ma.gov.br\/labld\/wp-content\/uploads\/2017\/07\/PP07-1024x206.png 1024w\" sizes=\"(max-width: 607px) 100vw, 607px\" \/><\/a><\/li>\n<li style=\"text-align: justify;\">\u00c9 obrigat\u00f3rio o preenchimento do campo \u201cCPF\/CNPJ\u201d e \u201cNOME\u201d, onde ser\u00e3o informados os dados dos investigados.<\/li>\n<li style=\"text-align: justify;\">N\u00e3o existe limite para inclus\u00e3o de investigados, podendo ser inserido quantos alvos forem necess\u00e1rios.<\/li>\n<li style=\"text-align: justify;\">Pode ser que aconte\u00e7a de &#8211; ap\u00f3s conclu\u00eddo o envio do formul\u00e1rio &#8211; o demandante ter a necessidade de acrescentar ou excluir outros investigados. Neste caso, n\u00e3o ser\u00e1 preciso o envio de novo formul\u00e1rio, bastando que o demandante fa\u00e7a contato com a Coordena\u00e7\u00e3o do LAB para que seja feita a atualiza\u00e7\u00e3o do rol de investigados no Sistema Gestor de Casos do LAB.<\/li>\n<li style=\"text-align: justify;\">Ao clicar em \u201cENVIAR FORMUL\u00c1RIO\u201d, o formul\u00e1rio ser\u00e1 enviado ao LAB.<\/li>\n<li><a href=\"http:\/\/www.policiacivil.ma.gov.br\/labld\/wp-content\/uploads\/2017\/07\/PP08.png\"><img loading=\"lazy\" decoding=\"async\" class=\"wp-image-545 aligncenter\" src=\"http:\/\/www.policiacivil.ma.gov.br\/labld\/wp-content\/uploads\/2017\/07\/PP08.png\" alt=\"\" width=\"642\" height=\"202\" srcset=\"https:\/\/www.policiacivil.ma.gov.br\/labld\/wp-content\/uploads\/2017\/07\/PP08.png 1595w, https:\/\/www.policiacivil.ma.gov.br\/labld\/wp-content\/uploads\/2017\/07\/PP08-300x94.png 300w, https:\/\/www.policiacivil.ma.gov.br\/labld\/wp-content\/uploads\/2017\/07\/PP08-768x241.png 768w, https:\/\/www.policiacivil.ma.gov.br\/labld\/wp-content\/uploads\/2017\/07\/PP08-1024x322.png 1024w\" sizes=\"(max-width: 642px) 100vw, 642px\" \/><\/a>Ap\u00f3s o envio do formul\u00e1rio, ser\u00e1 gerado um n\u00famero de Caso que aparecer\u00e1 em uma caixa de di\u00e1logo para o demandante. Este n\u00famero identificar\u00e1 o Caso.<\/li>\n<li style=\"text-align: justify;\">O pedido ser\u00e1 ent\u00e3o apreciado pelo Coordenador do LAB que despachar\u00e1 aceitando ou rejeitando o Caso, observado, para tanto, as compet\u00eancias do LAB descritas no art. 3\u00ba do DECRETO ESTADUAL n\u00ba 32.605\/2017 e art. 3\u00ba e 4\u00ba da PORTARIA DG\/PCMA n\u00ba 193\/2016.<\/li>\n<li style=\"text-align: justify;\">Os documentos acima podem de visualizados e baixados, tamb\u00e9m, no site do LAB-LD\/PCMA na aba \u201clegisla\u00e7\u00f5es\u201d &gt; \u201catos normativos internos (PC\/MA)\u201d.<\/li>\n<li style=\"text-align: justify;\">Para cada Caso\/Opera\u00e7\u00e3o\/Investiga\u00e7\u00e3o dever\u00e1 ser enviado um \u00fanico formul\u00e1rio. Havendo necessidade de pedidos complementares, envio de novos documentos ou altera\u00e7\u00f5es diversas referente ao mesmo Caso\/Opera\u00e7\u00e3o\/Investiga\u00e7\u00e3o, o demandante dever\u00e1 fazer contato com a Coordena\u00e7\u00e3o do LAB para atualiza\u00e7\u00e3o dos dados j\u00e1 registrado no Sistema. Caso seja enviado outro formul\u00e1rio referente ao mesmo Caso, o Sistema ir\u00e1 gerar um outro n\u00famero, ocasionando duplicidade no Sistema e confus\u00e3o para os Analistas do LAB.<\/li>\n<li style=\"text-align: justify;\">Por fim, destaca-se que no caso de solicita\u00e7\u00e3o de RIF, o LAB ir\u00e1 cadastrar o demandante no site do COAF (<a href=\"https:\/\/www.coaf.sei.fazenda.gov.br\/web_pedidos\/\">https:\/\/www.coaf.sei.fazenda.gov.br\/web_pedidos\/<\/a>).<\/li>\n<li><a href=\"http:\/\/www.policiacivil.ma.gov.br\/labld\/wp-content\/uploads\/2017\/07\/PP09.png\"><img loading=\"lazy\" decoding=\"async\" class=\"wp-image-546 aligncenter\" src=\"http:\/\/www.policiacivil.ma.gov.br\/labld\/wp-content\/uploads\/2017\/07\/PP09.png\" alt=\"\" width=\"628\" height=\"204\" srcset=\"https:\/\/www.policiacivil.ma.gov.br\/labld\/wp-content\/uploads\/2017\/07\/PP09.png 1362w, https:\/\/www.policiacivil.ma.gov.br\/labld\/wp-content\/uploads\/2017\/07\/PP09-300x97.png 300w, https:\/\/www.policiacivil.ma.gov.br\/labld\/wp-content\/uploads\/2017\/07\/PP09-768x249.png 768w, https:\/\/www.policiacivil.ma.gov.br\/labld\/wp-content\/uploads\/2017\/07\/PP09-1024x332.png 1024w\" sizes=\"(max-width: 628px) 100vw, 628px\" \/><\/a>A senha para acesso ao Portal do COAF ser\u00e1 enviada para o e-mail funcional informado no formul\u00e1rio pelo demandante.<\/li>\n<li style=\"text-align: justify;\">Assim que o RIF estiver sido conclu\u00eddo pelo COAF, poder\u00e1 ser acessado diretamente pelo demandante no Portal do COAF.<\/li>\n<\/ol>\n","protected":false},"excerpt":{"rendered":"<p>PASSO A PASSO PARA ABERTURA DE CASO JUNTO AO LAB-LD\/PCMA &nbsp; Ao acessar o site do LAB-LD\/PCMA (http:\/\/www.policiacivil.ma.gov.br\/labld\/), clique na aba \u201cABERTURA DE CASO\u201d. Acesse a sub-aba \u201cABRIR UM CASO\u201d e, em seguida, preencha o formul\u00e1rio de solicita\u00e7\u00e3o. Aten\u00e7\u00e3o no preenchimento (ler os itens abaixo). O campo \u201cEMAIL FUNCIONAL\u201d deve ser preenchido obrigatoriamente com o [&hellip;]<\/p>\n","protected":false},"author":3,"featured_media":0,"parent":0,"menu_order":0,"comment_status":"closed","ping_status":"closed","template":"","meta":{"jetpack_post_was_ever_published":false,"footnotes":""},"yst_prominent_words":[444,422,446,420,415,419,394,434,436,432,448,426,417,428,424,438,259,430,440,442],"jetpack_sharing_enabled":true,"jetpack_shortlink":"https:\/\/wp.me\/P8TCZr-8y","_links":{"self":[{"href":"https:\/\/www.policiacivil.ma.gov.br\/labld\/wp-json\/wp\/v2\/pages\/530"}],"collection":[{"href":"https:\/\/www.policiacivil.ma.gov.br\/labld\/wp-json\/wp\/v2\/pages"}],"about":[{"href":"https:\/\/www.policiacivil.ma.gov.br\/labld\/wp-json\/wp\/v2\/types\/page"}],"author":[{"embeddable":true,"href":"https:\/\/www.policiacivil.ma.gov.br\/labld\/wp-json\/wp\/v2\/users\/3"}],"replies":[{"embeddable":true,"href":"https:\/\/www.policiacivil.ma.gov.br\/labld\/wp-json\/wp\/v2\/comments?post=530"}],"version-history":[{"count":9,"href":"https:\/\/www.policiacivil.ma.gov.br\/labld\/wp-json\/wp\/v2\/pages\/530\/revisions"}],"predecessor-version":[{"id":801,"href":"https:\/\/www.policiacivil.ma.gov.br\/labld\/wp-json\/wp\/v2\/pages\/530\/revisions\/801"}],"wp:attachment":[{"href":"https:\/\/www.policiacivil.ma.gov.br\/labld\/wp-json\/wp\/v2\/media?parent=530"}],"wp:term":[{"taxonomy":"yst_prominent_words","embeddable":true,"href":"https:\/\/www.policiacivil.ma.gov.br\/labld\/wp-json\/wp\/v2\/yst_prominent_words?post=530"}],"curies":[{"name":"wp","href":"https:\/\/api.w.org\/{rel}","templated":true}]}}