{"id":439,"date":"2017-06-26T13:43:30","date_gmt":"2017-06-26T16:43:30","guid":{"rendered":"http:\/\/www.policiacivil.ma.gov.br\/labld\/?page_id=439"},"modified":"2020-09-30T08:57:20","modified_gmt":"2020-09-30T11:57:20","slug":"sittel","status":"publish","type":"page","link":"https:\/\/www.policiacivil.ma.gov.br\/labld\/sittel\/","title":{"rendered":"SITTEL"},"content":{"rendered":"<p style=\"text-align: justify;\">O SITTEL (Sistema de Investiga\u00e7\u00e3o de registros Telef\u00f4nicos e Telem\u00e1ticos) foi desenvolvido pelo Minist\u00e9rio P\u00fablico Federal com objetivo de promover a coleta, o processamento e a an\u00e1lise de dados telef\u00f4nicos e telem\u00e1ticos, mediante competente ordem judicial, em investiga\u00e7\u00f5es de maior complexidade.<\/p>\n<p style=\"text-align: justify;\">A possibilidade de uso do SITTEL no \u00e2mbito da Pol\u00edcia Civil do Maranh\u00e3o foi fruto de Acordo de Coopera\u00e7\u00e3o T\u00e9cnica firmado entre o Minist\u00e9rio P\u00fablico Federal e a Pol\u00edcia Civil do Maranh\u00e3o, no ano de 2016. O sistema foi implantado e homologado pelo LAB-LD\/PCMA ao longo de mais de 02 anos, tendo iniciado sua opera\u00e7\u00e3o no final do ano de 2019.<\/p>\n<p style=\"text-align: justify;\">Atualmente o Sistema \u00e9 administrado e operacionalizado respectivamente pelo NDT (n\u00facleo de desenvolvimento tecnol\u00f3gico) e pelo NIT (n\u00facleo de investiga\u00e7\u00e3o telef\u00f4nica e telem\u00e1tica), unidades vinculadas ao Centro de Intelig\u00eancia da Pol\u00edcia Civil (CIPC).<\/p>\n<p style=\"text-align: justify;\">O SITTEL est\u00e1 em pleno funcionamento para atender \u00e0s demandas da Pol\u00edcia Civil do Maranh\u00e3o no que se refere ao estabelecimento do interc\u00e2mbio direto e padronizado de comunica\u00e7\u00e3o entre a Pol\u00edcia Civil do Maranh\u00e3o e as operadoras de telefonia, conferindo maior celeridade e efici\u00eancia \u00e0s investiga\u00e7\u00f5es policiais que envolvam an\u00e1lise de dados telef\u00f4nicos e telem\u00e1ticos.<\/p>\n<p style=\"text-align: justify;\">As solicita\u00e7\u00f5es de apoio t\u00e9cnico ao CIPC s\u00e3o restritas a servidores efetivos dos quadros da Pol\u00edcia Civil do Maranh\u00e3o e podem ser feitas atrav\u00e9s do envio de formul\u00e1rio digital acess\u00edvel na <a href=\"https:\/\/www.policiacivil.ma.gov.br\/labld\/\">p\u00e1gina principal<\/a> ou diretamente atrav\u00e9s do link <a href=\"http:\/\/gestor.policiacivil.ma.gov.br\/pedido\/\">http:\/\/gestor.policiacivil.ma.gov.br\/pedido\/<\/a><\/p>\n<p style=\"text-align: center;\">***<\/p>\n","protected":false},"excerpt":{"rendered":"<p>O SITTEL (Sistema de Investiga\u00e7\u00e3o de registros Telef\u00f4nicos e Telem\u00e1ticos) foi desenvolvido pelo Minist\u00e9rio P\u00fablico Federal com objetivo de promover a coleta, o processamento e a an\u00e1lise de dados telef\u00f4nicos e telem\u00e1ticos, mediante competente ordem judicial, em investiga\u00e7\u00f5es de maior complexidade. A possibilidade de uso do SITTEL no \u00e2mbito da Pol\u00edcia Civil do Maranh\u00e3o foi [&hellip;]<\/p>\n","protected":false},"author":3,"featured_media":0,"parent":0,"menu_order":0,"comment_status":"closed","ping_status":"closed","template":"","meta":{"jetpack_post_was_ever_published":false,"footnotes":""},"yst_prominent_words":[481,483,67,70,479,82,85,62,226,65,59,56,477,252,472,355,471,473,469,475],"jetpack_sharing_enabled":true,"jetpack_shortlink":"https:\/\/wp.me\/P8TCZr-75","_links":{"self":[{"href":"https:\/\/www.policiacivil.ma.gov.br\/labld\/wp-json\/wp\/v2\/pages\/439"}],"collection":[{"href":"https:\/\/www.policiacivil.ma.gov.br\/labld\/wp-json\/wp\/v2\/pages"}],"about":[{"href":"https:\/\/www.policiacivil.ma.gov.br\/labld\/wp-json\/wp\/v2\/types\/page"}],"author":[{"embeddable":true,"href":"https:\/\/www.policiacivil.ma.gov.br\/labld\/wp-json\/wp\/v2\/users\/3"}],"replies":[{"embeddable":true,"href":"https:\/\/www.policiacivil.ma.gov.br\/labld\/wp-json\/wp\/v2\/comments?post=439"}],"version-history":[{"count":5,"href":"https:\/\/www.policiacivil.ma.gov.br\/labld\/wp-json\/wp\/v2\/pages\/439\/revisions"}],"predecessor-version":[{"id":1192,"href":"https:\/\/www.policiacivil.ma.gov.br\/labld\/wp-json\/wp\/v2\/pages\/439\/revisions\/1192"}],"wp:attachment":[{"href":"https:\/\/www.policiacivil.ma.gov.br\/labld\/wp-json\/wp\/v2\/media?parent=439"}],"wp:term":[{"taxonomy":"yst_prominent_words","embeddable":true,"href":"https:\/\/www.policiacivil.ma.gov.br\/labld\/wp-json\/wp\/v2\/yst_prominent_words?post=439"}],"curies":[{"name":"wp","href":"https:\/\/api.w.org\/{rel}","templated":true}]}}