{"id":20,"date":"2015-12-18T16:39:55","date_gmt":"2015-12-18T19:39:55","guid":{"rendered":"https:\/\/pcteste.ssp.ma.gov.br\/labld\/?page_id=20"},"modified":"2017-08-25T09:58:46","modified_gmt":"2017-08-25T12:58:46","slug":"simba","status":"publish","type":"page","link":"https:\/\/www.policiacivil.ma.gov.br\/labld\/simba\/","title":{"rendered":"SIMBA"},"content":{"rendered":"<p>[vc_row][vc_column]\t<div class=\"bs-shortcode bs-text \">\n\t\t\t\t<h3 class=\"section-heading\">\n\t\t\t\t\t\t\t<span class=\"h-text\">SIMBA<\/span>\n\t\t\t\t\t\t<\/h3>\n\t\t\t\t<div class=\"bs-text-content\">\n\t\t\t<\/p>\n<p style=\"text-align: justify;\"><a href=\"http:\/\/www.policiacivil.ma.gov.br\/labld\/wp-content\/uploads\/2015\/12\/simba.png\"><img loading=\"lazy\" decoding=\"async\" class=\"alignleft wp-image-31 \" src=\"http:\/\/www.policiacivil.ma.gov.br\/labld\/wp-content\/uploads\/2015\/12\/simba.png\" width=\"258\" height=\"150\" srcset=\"https:\/\/www.policiacivil.ma.gov.br\/labld\/wp-content\/uploads\/2015\/12\/simba.png 370w, https:\/\/www.policiacivil.ma.gov.br\/labld\/wp-content\/uploads\/2015\/12\/simba-300x174.png 300w, https:\/\/www.policiacivil.ma.gov.br\/labld\/wp-content\/uploads\/2015\/12\/simba-252x146.png 252w, https:\/\/www.policiacivil.ma.gov.br\/labld\/wp-content\/uploads\/2015\/12\/simba-50x29.png 50w, https:\/\/www.policiacivil.ma.gov.br\/labld\/wp-content\/uploads\/2015\/12\/simba-138x80.png 138w\" sizes=\"(max-width: 258px) 100vw, 258px\" \/><\/a><\/p>\n<p style=\"text-align: justify;\">O Sistema de Investiga\u00e7\u00e3o de Movimenta\u00e7\u00f5es Banc\u00e1rias \u2013 SIMBA \u00e9 um conjunto de processos, m\u00f3dulos e normas para tr\u00e1fego de dados banc\u00e1rios entre institui\u00e7\u00f5es financeiras e \u00f3rg\u00e3os governamentais, que tem por finalidade receber, processar, transmitir, sistematizar e consolidar, de forma segura e autom\u00e1tica, dados e informa\u00e7\u00f5es origin\u00e1rias de quebra de sigilo banc\u00e1rio, contribuindo para a efici\u00eancia e efetividade das investiga\u00e7\u00f5es policiais.<\/p>\n<p style=\"text-align: justify;\">\u00c9 atrav\u00e9s do SIMBA que ocorre o tr\u00e1fego de dados banc\u00e1rios entre institui\u00e7\u00f5es financeiras e \u00f3rg\u00e3os governamentais, com arquivos criptografados por c\u00f3digo \u201chash\u201d. Esta solu\u00e7\u00e3o atende de forma automatizada todo o processo de afastamento do sigilo banc\u00e1rio, que vai do requerimento judicial \u00e0 disponibiliza\u00e7\u00e3o dos registros banc\u00e1rios dos investigados \u00e0s autoridades solicitantes.<\/p>\n<p style=\"text-align: justify;\">No \u00e2mbito da Pol\u00edcia Civil do Maranh\u00e3o, o SIMBA \u00e9 gerenciado pelo Laborat\u00f3rio de Tecnologia contra a Lavagem de Dinheiro (LAB-LD\/PCMA). O projeto \u00e9 uma evolu\u00e7\u00e3o do modelo adotado pela Assessoria de Pesquisa e An\u00e1lise \u2013 ASSPA, unidade vinculada ao gabinete do Procurador-Geral da Rep\u00fablica do Minist\u00e9rio P\u00fablico Federal.<\/p>\n<p style=\"text-align: justify;\">O acordo de coopera\u00e7\u00e3o t\u00e9cnica firmado entre Minist\u00e9rio P\u00fablico Federal e Pol\u00edcia Civil do Maranh\u00e3o, que permitiu a agiliza\u00e7\u00e3o de procedimentos investigativos mediante a utiliza\u00e7\u00e3o do SIMBA, foi publicado no di\u00e1rio oficial da Uni\u00e3o no m\u00eas de maio de 2017.<\/p>\n<p>Algumas vantagens que advieram com o uso do SIMBA:<\/p>\n<ul>\n<li style=\"text-align: justify;\">\n<h6>O SIMBA utiliza um leiaute \u00fanico para formata\u00e7\u00e3o dos arquivos, nos termos dispostos na <a href=\"http:\/\/www.policiacivil.ma.gov.br\/labld\/wp-content\/plugins\/download-attachments\/includes\/download.php?id=384\"><u>Carta Circular 3.454\/2010 BACEN<\/u><\/a>\u00a0.<\/h6>\n<\/li>\n<li style=\"text-align: justify;\">\n<h6>Com o SIMBA o atendimento \u00e0s demandas judiciais \u00e9 feito por setores especializados das Institui\u00e7\u00f5es Financeiras.<\/h6>\n<\/li>\n<\/ul>\n<ul>\n<li style=\"text-align: justify;\">\n<h6>O SIMBA faz a valida\u00e7\u00e3o de dados, quanto ao formato e conte\u00fado, na institui\u00e7\u00e3o financeira.<\/h6>\n<\/li>\n<li style=\"text-align: justify;\">\n<h6>Com o SIMBA a transmiss\u00e3o das informa\u00e7\u00f5es entre os bancos e os \u00f3rg\u00e3os governamentais \u00e9 feita de forma segura, criptografada. O envio em meio magn\u00e9tico ou em papel al\u00e9m de inseguro, era demasiadamente demorado.<\/h6>\n<\/li>\n<li style=\"text-align: justify;\">\n<h6>O SIMBA apresenta os dados de forma padronizada e de f\u00e1cil compreens\u00e3o, com gera\u00e7\u00e3o de v\u00e1rios relat\u00f3rios parametrizados auxiliando a an\u00e1lise das informa\u00e7\u00f5es.<\/h6>\n<\/li>\n<\/ul>\n<p>\n\t\t<\/div>\n\t<\/div><!-- .bs-text -->\n[\/vc_column][\/vc_row][vc_row][vc_column]\t<div class=\"bs-shortcode bs-text \">\n\t\t\t\t<h3 class=\"section-heading\">\n\t\t\t\t\t\t\t<span class=\"h-text\"><i class=\"bf-icon  fa fa-contao\"><\/i> CONTATO<\/span>\n\t\t\t\t\t\t<\/h3>\n\t\t\t\t<div class=\"bs-text-content\">\n\t\t\t<\/p>\n<div class=\"bs-intro-highlighted bs-shortcode-alert alert alert-info\" style=\"text-align: justify;\"><i class=\"fa fa-envelope-o\"><\/i> simba@ssp.ma.gov.br<br \/>\n<i class=\"fa fa-phone-square\"><\/i> (98) 3214-3842<\/div>\n<p>\n\t\t<\/div>\n\t<\/div><!-- .bs-text -->\n\t<div class=\"bs-shortcode bs-heading-shortcode \">\n\t\t\t\t<h3 class=\"section-heading\">\n\t\t\t\t\t\t\t<span class=\"h-text\"><i class=\"bf-icon  fa fa-question-circle-o\"><\/i> D\u00favidas Frequentes<\/span>\n\t\t\t\t\t\t<\/h3>\n\t\t\t<\/div>\n[\/vc_column][\/vc_row][vc_row content_placement=&#8221;middle&#8221;][vc_column][vc_separator el_width=&#8221;80&#8243;][vc_toggle title=&#8221;Os programas Validador Banc\u00e1rio e Transmissor Banc\u00e1rio funcionam no browser?&#8221; open=&#8221;true&#8221; el_id=&#8221;1490366567687-b6f0bdfa-c799&#8243;]<\/p>\n<p style=\"text-align: justify;\">N\u00e3o. Ambos devem ser instalados na m\u00e1quina do usu\u00e1rio.<\/p>\n<p>[\/vc_toggle][vc_toggle title=&#8221;A m\u00e1quina onde instalo os programas Validador Banc\u00e1rio e Transmissor Banc\u00e1rio precisam ter acesso \u00e0 internet?&#8221; open=&#8221;true&#8221; el_id=&#8221;1490366693320-0bc2871f-d38c&#8221;]<\/p>\n<p style=\"text-align: justify;\">Sim. Os programas acessam o site da ASSPA\/MPF atrav\u00e9s da internet para verificar a exist\u00eancia de novas vers\u00f5es. Ap\u00f3s isto, os dados s\u00e3o transmitidos \u00e0 Policia Civil do MA tamb\u00e9m pela internet.<\/p>\n<p>[\/vc_toggle][vc_toggle title=&#8221;H\u00e1 necessidade de configura\u00e7\u00e3o para acessar os sites da ASSPA\/MPF e da Policia Civil do MA?&#8221; open=&#8221;true&#8221; el_id=&#8221;1490366806758-be4cd7bc-0a2f&#8221;]<\/p>\n<p style=\"text-align: justify;\">Sim. Como os sites funcionam com o protocolo HTTPS, o usu\u00e1rio deve permitir os certificados emitidos para os servidores do MPF e da Policia Civil do MA. Al\u00e9m disso, deve informar no Validador Banc\u00e1rio os dados de configura\u00e7\u00e3o do proxy.<\/p>\n<p>[\/vc_toggle][vc_toggle title=&#8221;Qual endere\u00e7o o sistema acessa para obter o n\u00famero da vers\u00e3o e transmitir arquivos gerados pelo banco?&#8221; open=&#8221;true&#8221; el_id=&#8221;1490366827846-39182f27-6da7&#8243;]Para obter a vers\u00e3o acesse o endere\u00e7o https:\/\/asspaweb.pgr.mpf.gov.br.[\/vc_toggle][vc_toggle title=&#8221;Qual configura\u00e7\u00e3o a \u00e1rea de rede do banco deve fazer para permitir a transmiss\u00e3o dos arquivos gerados pelo banco?&#8221; open=&#8221;true&#8221; el_id=&#8221;1490366843844-a756ace6-d9e3&#8243;]Liberar no firewall a transmiss\u00e3o de dados para o MPF e para o PCMA.<br \/>\nEndere\u00e7os: https:\/\/asspaweb.pgr.mpf.gov.br[\/vc_toggle][vc_toggle title=&#8221;Posso sobrepor a instala\u00e7\u00e3o do programa Validador ou Transmissor?&#8221; open=&#8221;true&#8221; el_id=&#8221;1490366862825-cc3efa15-b4ee&#8221;]N\u00e3o. Desinstale a vers\u00e3o da m\u00e1quina e depois instale a nova. Por seguran\u00e7a, fa\u00e7a um backup da pasta &#8220;dadosValidador&#8221;.[\/vc_toggle][\/vc_column][\/vc_row]<\/p>\n","protected":false},"excerpt":{"rendered":"<p>[vc_row][vc_column][\/vc_column][\/vc_row][vc_row][vc_column][\/vc_column][\/vc_row][vc_row content_placement=&#8221;middle&#8221;][vc_column][vc_separator el_width=&#8221;80&#8243;][vc_toggle title=&#8221;Os programas Validador Banc\u00e1rio e Transmissor Banc\u00e1rio funcionam no browser?&#8221; open=&#8221;true&#8221; el_id=&#8221;1490366567687-b6f0bdfa-c799&#8243;] N\u00e3o. Ambos devem ser instalados na m\u00e1quina do usu\u00e1rio. [\/vc_toggle][vc_toggle title=&#8221;A m\u00e1quina onde instalo os programas Validador Banc\u00e1rio e Transmissor Banc\u00e1rio precisam ter acesso \u00e0 internet?&#8221; open=&#8221;true&#8221; el_id=&#8221;1490366693320-0bc2871f-d38c&#8221;] Sim. Os programas acessam o site da ASSPA\/MPF atrav\u00e9s da internet para [&hellip;]<\/p>\n","protected":false},"author":1,"featured_media":0,"parent":0,"menu_order":0,"comment_status":"closed","ping_status":"closed","template":"","meta":{"jetpack_post_was_ever_published":false,"footnotes":""},"yst_prominent_words":[222,220,212,224,210,196,216,230,214,198,226,232,204,56,228,200,208,218,202,206],"jetpack_sharing_enabled":true,"jetpack_shortlink":"https:\/\/wp.me\/P8TCZr-k","_links":{"self":[{"href":"https:\/\/www.policiacivil.ma.gov.br\/labld\/wp-json\/wp\/v2\/pages\/20"}],"collection":[{"href":"https:\/\/www.policiacivil.ma.gov.br\/labld\/wp-json\/wp\/v2\/pages"}],"about":[{"href":"https:\/\/www.policiacivil.ma.gov.br\/labld\/wp-json\/wp\/v2\/types\/page"}],"author":[{"embeddable":true,"href":"https:\/\/www.policiacivil.ma.gov.br\/labld\/wp-json\/wp\/v2\/users\/1"}],"replies":[{"embeddable":true,"href":"https:\/\/www.policiacivil.ma.gov.br\/labld\/wp-json\/wp\/v2\/comments?post=20"}],"version-history":[{"count":24,"href":"https:\/\/www.policiacivil.ma.gov.br\/labld\/wp-json\/wp\/v2\/pages\/20\/revisions"}],"predecessor-version":[{"id":655,"href":"https:\/\/www.policiacivil.ma.gov.br\/labld\/wp-json\/wp\/v2\/pages\/20\/revisions\/655"}],"wp:attachment":[{"href":"https:\/\/www.policiacivil.ma.gov.br\/labld\/wp-json\/wp\/v2\/media?parent=20"}],"wp:term":[{"taxonomy":"yst_prominent_words","embeddable":true,"href":"https:\/\/www.policiacivil.ma.gov.br\/labld\/wp-json\/wp\/v2\/yst_prominent_words?post=20"}],"curies":[{"name":"wp","href":"https:\/\/api.w.org\/{rel}","templated":true}]}}