{"id":1207,"date":"2020-12-15T16:33:23","date_gmt":"2020-12-15T19:33:23","guid":{"rendered":"https:\/\/www.policiacivil.ma.gov.br\/labld\/?page_id=1207"},"modified":"2020-12-15T16:41:38","modified_gmt":"2020-12-15T19:41:38","slug":"atena-3-0","status":"publish","type":"page","link":"https:\/\/www.policiacivil.ma.gov.br\/labld\/atena-3-0\/","title":{"rendered":"ATENA 3.0"},"content":{"rendered":"<p>[vc_row][vc_column]\t<div class=\"bs-shortcode bs-text \">\n\t\t\t\t<h3 class=\"section-heading\">\n\t\t\t\t\t\t\t<span class=\"h-text\">ATENA 3.0<\/span>\n\t\t\t\t\t\t<\/h3>\n\t\t\t\t<div class=\"bs-text-content\">\n\t\t\t<\/p>\n<p style=\"text-align: justify;\"><span style=\"font-weight: 400;\"><a href=\"https:\/\/www.policiacivil.ma.gov.br\/labld\/wp-content\/uploads\/2020\/12\/atena-30.png\"><img loading=\"lazy\" decoding=\"async\" class=\"alignnone size-full wp-image-1209\" src=\"https:\/\/www.policiacivil.ma.gov.br\/labld\/wp-content\/uploads\/2020\/12\/atena-30.png\" alt=\"\" width=\"1366\" height=\"560\" srcset=\"https:\/\/www.policiacivil.ma.gov.br\/labld\/wp-content\/uploads\/2020\/12\/atena-30.png 1366w, https:\/\/www.policiacivil.ma.gov.br\/labld\/wp-content\/uploads\/2020\/12\/atena-30-300x123.png 300w, https:\/\/www.policiacivil.ma.gov.br\/labld\/wp-content\/uploads\/2020\/12\/atena-30-1024x420.png 1024w, https:\/\/www.policiacivil.ma.gov.br\/labld\/wp-content\/uploads\/2020\/12\/atena-30-768x315.png 768w\" sizes=\"(max-width: 1366px) 100vw, 1366px\" \/><\/a><\/span><\/p>\n<p style=\"text-align: justify;\"><span style=\"font-weight: 400;\">O ATENA 3.0 \u00e9 a terceira edi\u00e7\u00e3o do sistema administrativo de gest\u00e3o casos 100% desenvolvido pela Pol\u00edcia Civil do Maranh\u00e3o, por policiais com forma\u00e7\u00e3o espec\u00edfica na \u00e1rea, de modo a atender \u00e0s necessidades setoriais espec\u00edficas, com otimiza\u00e7\u00e3o dos resultados dispon\u00edveis e com redu\u00e7\u00e3o de custos aos cofres p\u00fablicos. O ATENA 3.0 entra em funcionamento ap\u00f3s mais de 2 anos de desenvolvimento desde sua primeira vers\u00e3o.\u00a0<\/span><\/p>\n<p style=\"text-align: justify;\"><span style=\"font-weight: 400;\">Trata-se de um sistema administrativo de gest\u00e3o de casos que, al\u00e9m de permitir estabelecimento de fluxos administrativo pr\u00e9-definidos e controle documental, permite o cruzamento e reuni\u00e3o de dados voltados a produ\u00e7\u00e3o de conhecimento sobre o assunto investigado.\u00a0<\/span><\/p>\n<p style=\"text-align: justify;\"><span style=\"font-weight: 400;\">O ATENA 3.0 possibilita \u00e0 autoridade demandante proceder \u00e0 abertura de novos casos junto ao Centro de Intelig\u00eancia da Pol\u00edcia Civil (CIPC) atrav\u00e9s de formul\u00e1rios digitais, sem necessidade de deslocamentos ou uso de of\u00edcios impressos. A metodologia de abertura de casos de forma digital confere maior celeridade \u00e0 tramita\u00e7\u00e3o dos casos, economia de recursos, al\u00e9m de garantir mais seguran\u00e7a ao tr\u00e1fego documental e permitir o cruzamento dos dados (estruturados) recebidos com os dados j\u00e1 existentes na ag\u00eancia.<\/span><\/p>\n<p style=\"text-align: justify;\"><span style=\"font-weight: 400;\">No caso de o objeto investigado possuir rela\u00e7\u00e3o com casos pret\u00e9ritos no Centro de Intelig\u00eancia, o sistema gera um alerta e permitir\u00e1 o resgate r\u00e1pido e preciso das informa\u00e7\u00f5es correlatas, funcionando como estrat\u00e9gica ferramenta de intelig\u00eancia. Caso a informa\u00e7\u00e3o j\u00e1 existe esteja protegida por sigilo legal, a autoridade demandante ser\u00e1 avisada da necessidade de autoriza\u00e7\u00e3o judicial para o acesso e compartilhamento das informa\u00e7\u00f5es.\u00a0<\/span><\/p>\n<p style=\"text-align: justify;\"><span style=\"font-weight: 400;\">Atrav\u00e9s do ATENA 3.0 o demandante passa a ter acesso a todo seu hist\u00f3rico de casos abertos no CIPC (atuais e pret\u00e9ritos) em um \u00fanico ambiente. Ainda, o tr\u00e1fego informacional interno passa a ser 100% digital, permitindo auditoria no sistema (seguran\u00e7a) e garantindo um controle documental e aperfei\u00e7oamento na gera\u00e7\u00e3o de estat\u00edstica de produ\u00e7\u00e3o, fornecendo estrat\u00e9gicos indicadores aos gestores da Pol\u00edcia Civil do Maranh\u00e3o.<\/span><\/p>\n<p style=\"text-align: justify;\"><span style=\"font-weight: 400;\">O sistema possui, ainda, reposit\u00f3rios administrativos com abas de acesso r\u00e1pido a Procedimento Operacional Padr\u00e3o (POPs), Portarias internas, Jurisprud\u00eancias de interesse da unidade, Artigos, dentre outros, \u00e0 disposi\u00e7\u00e3o de todos os servidores lotados no CIPC. <\/span><\/p>\n<p>Acesso ao novo formul\u00e1rio de abertura de caso pode ser acessado no site <a href=\"https:\/\/www.policiacivil.ma.gov.br\/labld\">LAB <\/a>ou diretamente atrav\u00e9s do link abaixo:<\/p>\n<p><a href=\"https:\/\/gestor.policiacivil.ma.gov.br\/atena2\/src\/public\/login#acesso\">https:\/\/gestor.policiacivil.ma.gov.br\/atena2\/src\/public\/login#acesso<\/a><\/p>\n\t\t<\/div>\n\t<\/div><!-- .bs-text -->\n[\/vc_column][\/vc_row]<\/p>\n","protected":false},"excerpt":{"rendered":"<p>[vc_row][vc_column][\/vc_column][\/vc_row]<\/p>\n","protected":false},"author":1,"featured_media":0,"parent":0,"menu_order":0,"comment_status":"closed","ping_status":"closed","template":"","meta":{"jetpack_post_was_ever_published":false,"footnotes":""},"yst_prominent_words":[222,220,212,224,210,196,216,230,214,198,226,232,204,56,228,200,208,218,202,206],"jetpack_sharing_enabled":true,"jetpack_shortlink":"https:\/\/wp.me\/P8TCZr-jt","_links":{"self":[{"href":"https:\/\/www.policiacivil.ma.gov.br\/labld\/wp-json\/wp\/v2\/pages\/1207"}],"collection":[{"href":"https:\/\/www.policiacivil.ma.gov.br\/labld\/wp-json\/wp\/v2\/pages"}],"about":[{"href":"https:\/\/www.policiacivil.ma.gov.br\/labld\/wp-json\/wp\/v2\/types\/page"}],"author":[{"embeddable":true,"href":"https:\/\/www.policiacivil.ma.gov.br\/labld\/wp-json\/wp\/v2\/users\/1"}],"replies":[{"embeddable":true,"href":"https:\/\/www.policiacivil.ma.gov.br\/labld\/wp-json\/wp\/v2\/comments?post=1207"}],"version-history":[{"count":5,"href":"https:\/\/www.policiacivil.ma.gov.br\/labld\/wp-json\/wp\/v2\/pages\/1207\/revisions"}],"predecessor-version":[{"id":1214,"href":"https:\/\/www.policiacivil.ma.gov.br\/labld\/wp-json\/wp\/v2\/pages\/1207\/revisions\/1214"}],"wp:attachment":[{"href":"https:\/\/www.policiacivil.ma.gov.br\/labld\/wp-json\/wp\/v2\/media?parent=1207"}],"wp:term":[{"taxonomy":"yst_prominent_words","embeddable":true,"href":"https:\/\/www.policiacivil.ma.gov.br\/labld\/wp-json\/wp\/v2\/yst_prominent_words?post=1207"}],"curies":[{"name":"wp","href":"https:\/\/api.w.org\/{rel}","templated":true}]}}